{"id":1669,"date":"2021-09-20T12:20:09","date_gmt":"2021-09-20T12:20:09","guid":{"rendered":"http:\/\/localhost\/wordpress\/interviews\/"},"modified":"2021-09-20T12:20:09","modified_gmt":"2021-09-20T12:20:09","slug":"interviews-2021-2","status":"publish","type":"page","link":"https:\/\/www.energiecrossmedial.de\/index.php\/interviews-2021-2\/","title":{"rendered":"Interviews"},"content":{"rendered":"<div id=\"page_caption\" class=\"blog_wrapper\">\n<div class=\"page_title_wrapper\">\n<div class=\"standard_wrapper\">\n<div class=\"page_title_inner\">\n<div class=\"page_title_content\">\n<h1>Interviews 2021<\/h1>\n<\/p><\/div>\n<\/p><\/div>\n<\/p><\/div>\n<\/p><\/div>\n<\/div>\n<p><!-- Begin content --><\/p>\n<div id=\"page_content_wrapper\" class=\"blog_wrapper\">\n<div class=\"inner\">\n    \t<!-- Begin main content --><\/p>\n<div class=\"inner_wrapper\">\n<div class=\"sidebar_content\">\n<!-- Begin each blog post --><\/p>\n<div id=\"post-3668\" class=\"post-3668 post type-post status-publish format-standard has-post-thumbnail hentry category-allgemein category-interviews-2021\">\n<div class=\"post_wrapper\">\n<div class=\"post_content_wrapper\">\n<div class=\"post_header\">\n<div class=\"post_header_title\">\n<h5><a href=\"[get_bloginfo]url[\/get_bloginfo]\/files\/ilienunternehmen-e-v_vrbaicn5zfutx83orc0mye\/\" title=\"Interview mit Axel Gedaschko (Pr\u00e4sident, GdW)\">Interview mit Axel Gedaschko (Pr\u00e4sident, GdW)<\/a><\/h5>\n<\/p><\/div>\n<div class=\"post_detail single_post\">\n\t\t\t    \t<span class=\"post_info_date\"><br \/>\n\t\t\t \t\t<a href=\"[get_bloginfo]url[\/get_bloginfo]\/files\/ilienunternehmen-e-v_vrbaicn5zfutx83orc0mye\/\" title=\"Interview mit Axel Gedaschko (Pr\u00e4sident, GdW)\">18. Januar 2021<\/a><br \/>\n\t\t\t    \t<\/span><br \/>\n\t\t\t    \t<span class=\"post_info_comment\"><br \/>\n\t\t\t    \t\t\u2022<br \/>\n\t\t\t    \t\t<a href=\"[get_bloginfo]url[\/get_bloginfo]\/files\/ilienunternehmen-e-v_vrbaicn5zfutx83orc0mye\/#respond\"><br \/>\n\t\t\t    \t\t\t0&nbsp;Kommentar\t\t\t    \t\t<\/a><br \/>\n\t\t\t    \t<\/span>\n\t\t\t\t<\/div>\n<\/p><\/div>\n<div class=\"post_img static\">\n\t\t\t    \t    \t<a href=\"[get_bloginfo]url[\/get_bloginfo]\/files\/ilienunternehmen-e-v_vrbaicn5zfutx83orc0mye\/\"><br \/>\n\t\t\t    \t    \t\t<img loading=\"lazy\" decoding=\"async\" width=\"960\" height=\"636\" src=\"[get_bloginfo]url[\/get_bloginfo]\/files\/wp-content\/uploads\/2020\/11\/gedaschko-2-scaled_c-gdw-nils-hasenau-e1606230193795-960x636.jpg\" class=\"attachment-grandconference-blog size-grandconference-blog wp-post-image\" alt=\"\" loading=\"lazy\"\/>\t\t\t\t            <\/a>\n\t\t\t    \t    <\/div>\n<p>\t\t\t    <br class=\"clear\"\/><\/p>\n<p class=\"fqk44srj04fgyxc3g\">Dr. Annette Nietfeld: Die EU-Kommission hat sich vorgenommen, die Renovierungsrate in der EU bis 2030 auf mindestens 2 % im Jahr zu steigern. 35 Millionen Geb\u00e4ude sollen bis dahin grundlegend saniert werden. Daf\u00fcr will sie ca. 300 Milliarden \u20ac bereitstellen. [&hellip;]\n<div class=\"post_button_wrapper\">\n\t\t\t    \t<a class=\"readmore\" href=\"[get_bloginfo]url[\/get_bloginfo]\/files\/ilienunternehmen-e-v_vrbaicn5zfutx83orc0mye\/\">Weiterlesen<span class=\"ti-angle-right\">&nbsp;<\/span><\/a>\n\t\t\t    <\/div>\n<\/p><\/div>\n<\/p><\/div>\n<\/div>\n<p><br class=\"clear\"\/><br \/>\n<!-- End each blog post --><br \/>\n<!-- Begin each blog post --><\/p>\n<div id=\"post-3642\" class=\"post-3642 post type-post status-publish format-standard has-post-thumbnail hentry category-allgemein category-interviews-2021\">\n<div class=\"post_wrapper\">\n<div class=\"post_content_wrapper\">\n<div class=\"post_header\">\n<div class=\"post_header_title\">\n<h5><a href=\"[get_bloginfo]url[\/get_bloginfo]\/index_php\/2021\/01\/14\/interview-mit-dr-karsten-wildberger-coo-commercial-e-on-se\/\" title=\"Interview mit Dr. Karsten Wildberger (COO Commercial, E.ON SE)\">Interview mit Dr. Karsten Wildberger (COO Commercial, E.ON SE)<\/a><\/h5>\n<\/p><\/div>\n<div class=\"post_detail single_post\">\n\t\t\t    \t<span class=\"post_info_date\"><br \/>\n\t\t\t \t\t<a href=\"[get_bloginfo]url[\/get_bloginfo]\/index_php\/2021\/01\/14\/interview-mit-dr-karsten-wildberger-coo-commercial-e-on-se\/\" title=\"Interview mit Dr. Karsten Wildberger (COO Commercial, E.ON SE)\">14. Januar 2021<\/a><br \/>\n\t\t\t    \t<\/span><br \/>\n\t\t\t    \t<span class=\"post_info_comment\"><br \/>\n\t\t\t    \t\t\u2022<br \/>\n\t\t\t    \t\t<a href=\"[get_bloginfo]url[\/get_bloginfo]\/index_php\/2021\/01\/14\/interview-mit-dr-karsten-wildberger-coo-commercial-e-on-se\/#respond\"><br \/>\n\t\t\t    \t\t\t0&nbsp;Kommentar\t\t\t    \t\t<\/a><br \/>\n\t\t\t    \t<\/span>\n\t\t\t\t<\/div>\n<\/p><\/div>\n<div class=\"post_img static\">\n\t\t\t    \t    \t<a href=\"[get_bloginfo]url[\/get_bloginfo]\/index_php\/2021\/01\/14\/interview-mit-dr-karsten-wildberger-coo-commercial-e-on-se\/\"><br \/>\n\t\t\t    \t    \t\t<img loading=\"lazy\" decoding=\"async\" width=\"918\" height=\"636\" src=\"[get_bloginfo]url[\/get_bloginfo]\/files\/wp-content\/uploads\/2020\/10\/wildberger_c-e.on-se-e1606216543213-918x636.jpg\" class=\"attachment-grandconference-blog size-grandconference-blog wp-post-image\" alt=\"\" loading=\"lazy\"\/>\t\t\t\t            <\/a>\n\t\t\t    \t    <\/div>\n<p>\t\t\t    <br class=\"clear\"\/><\/p>\n<p class=\"fqk44srj04fgyxc3g\">Dr. Annette Nietfeld: Mit dem innogy Deal hat E.ON seine Erneuerbaren Sparte abgegeben. Gleichzeitig sieht E.ON sich mehr denn ja als Treiber der Energiewende. Passt das zusammen? Dr. Karsten Wildberger: Eindeutig, denn wir haben im Gegenzug unser Netz- und Endkundengesch\u00e4ft [&hellip;]\n<div class=\"post_button_wrapper\">\n\t\t\t    \t<a class=\"readmore\" href=\"[get_bloginfo]url[\/get_bloginfo]\/index_php\/2021\/01\/14\/interview-mit-dr-karsten-wildberger-coo-commercial-e-on-se\/\">Weiterlesen<span class=\"ti-angle-right\">&nbsp;<\/span><\/a>\n\t\t\t    <\/div>\n<\/p><\/div>\n<\/p><\/div>\n<\/div>\n<p><br class=\"clear\"\/><br \/>\n<!-- End each blog post --><br \/>\n<!-- Begin each blog post --><\/p>\n<div id=\"post-3631\" class=\"post-3631 post type-post status-publish format-standard has-post-thumbnail hentry category-allgemein category-interviews-2021\">\n<div class=\"post_wrapper\">\n<div class=\"post_content_wrapper\">\n<div class=\"post_header\">\n<div class=\"post_header_title\">\n<h5><a href=\"[get_bloginfo]url[\/get_bloginfo]\/index_php\/2021\/01\/11\/interview-mit-prof-dr-klaus-dieter-borchardt-senior-energy-advisor-baker-mckenzie\/\" title=\"Interview mit Prof. Dr. Klaus-Dieter Borchardt (Senior Energy Advisor, Baker &amp; McKenzie)\">Interview mit Prof. Dr. Klaus-Dieter Borchardt (Senior Energy Advisor, Baker &#038; McKenzie)<\/a><\/h5>\n<\/p><\/div>\n<div class=\"post_detail single_post\">\n\t\t\t    \t<span class=\"post_info_date\"><br \/>\n\t\t\t \t\t<a href=\"[get_bloginfo]url[\/get_bloginfo]\/index_php\/2021\/01\/11\/interview-mit-prof-dr-klaus-dieter-borchardt-senior-energy-advisor-baker-mckenzie\/\" title=\"Interview mit Prof. Dr. Klaus-Dieter Borchardt (Senior Energy Advisor, Baker &amp; McKenzie)\">11. Januar 2021<\/a><br \/>\n\t\t\t    \t<\/span><br \/>\n\t\t\t    \t<span class=\"post_info_comment\"><br \/>\n\t\t\t    \t\t\u2022<br \/>\n\t\t\t    \t\t<a href=\"[get_bloginfo]url[\/get_bloginfo]\/index_php\/2021\/01\/11\/interview-mit-prof-dr-klaus-dieter-borchardt-senior-energy-advisor-baker-mckenzie\/#respond\"><br \/>\n\t\t\t    \t\t\t0&nbsp;Kommentar\t\t\t    \t\t<\/a><br \/>\n\t\t\t    \t<\/span>\n\t\t\t\t<\/div>\n<\/p><\/div>\n<div class=\"post_img static\">\n\t\t\t    \t    \t<a href=\"[get_bloginfo]url[\/get_bloginfo]\/index_php\/2021\/01\/11\/interview-mit-prof-dr-klaus-dieter-borchardt-senior-energy-advisor-baker-mckenzie\/\"><br \/>\n\t\t\t    \t    \t\t<img loading=\"lazy\" decoding=\"async\" width=\"758\" height=\"636\" src=\"[get_bloginfo]url[\/get_bloginfo]\/files\/wp-content\/uploads\/2020\/12\/bild-auf-hintergrund-e1610366938570-758x636.jpg\" class=\"attachment-grandconference-blog size-grandconference-blog wp-post-image\" alt=\"\" loading=\"lazy\"\/>\t\t\t\t            <\/a>\n\t\t\t    \t    <\/div>\n<p>\t\t\t    <br class=\"clear\"\/><\/p>\n<p class=\"fqk44srj04fgyxc3g\">Dr. Annette Nietfeld: Herr Dr. Borchardt, viele, viele Jahre haben Sie f\u00fcr die EU-Generaldirektion Energy gearbeitet, zuletzt als stellvertretender Generaldirektor mit Zust\u00e4ndigkeiten f\u00fcr die Direktionen \u201eEnergiepolitik\u201c, \u201eEnergiebinnenmarkt\u201c und \u201eErneuerbare Energien, Forschung und Innovation, Energieeffizienz\u201c und erst vor vier Monaten sind [&hellip;]\n<div class=\"post_button_wrapper\">\n\t\t\t    \t<a class=\"readmore\" href=\"[get_bloginfo]url[\/get_bloginfo]\/index_php\/2021\/01\/11\/interview-mit-prof-dr-klaus-dieter-borchardt-senior-energy-advisor-baker-mckenzie\/\">Weiterlesen<span class=\"ti-angle-right\">&nbsp;<\/span><\/a>\n\t\t\t    <\/div>\n<\/p><\/div>\n<\/p><\/div>\n<\/div>\n<p><br class=\"clear\"\/><br \/>\n<!-- End each blog post --><br \/>\n<!-- Begin each blog post --><\/p>\n<div id=\"post-3599\" class=\"post-3599 post type-post status-publish format-standard has-post-thumbnail hentry category-allgemein category-interviews-2021\">\n<div class=\"post_wrapper\">\n<div class=\"post_content_wrapper\">\n<div class=\"post_header\">\n<div class=\"post_header_title\">\n<h5><a href=\"[get_bloginfo]url[\/get_bloginfo]\/index_php\/2021\/01\/04\/interview-mit-dr-dr-tobias-paulun-chief-strategy-officer-eex-ag\/\" title=\"Interview mit Dr. Dr. Tobias Paulun (Chief Strategy Officer, EEX AG)\">Interview mit Dr. Dr. Tobias Paulun (Chief Strategy Officer, EEX AG)<\/a><\/h5>\n<\/p><\/div>\n<div class=\"post_detail single_post\">\n\t\t\t    \t<span class=\"post_info_date\"><br \/>\n\t\t\t \t\t<a href=\"[get_bloginfo]url[\/get_bloginfo]\/index_php\/2021\/01\/04\/interview-mit-dr-dr-tobias-paulun-chief-strategy-officer-eex-ag\/\" title=\"Interview mit Dr. Dr. Tobias Paulun (Chief Strategy Officer, EEX AG)\">4. Januar 2021<\/a><br \/>\n\t\t\t    \t<\/span><br \/>\n\t\t\t    \t<span class=\"post_info_comment\"><br \/>\n\t\t\t    \t\t\u2022<br \/>\n\t\t\t    \t\t<a href=\"[get_bloginfo]url[\/get_bloginfo]\/index_php\/2021\/01\/04\/interview-mit-dr-dr-tobias-paulun-chief-strategy-officer-eex-ag\/#respond\"><br \/>\n\t\t\t    \t\t\t0&nbsp;Kommentar\t\t\t    \t\t<\/a><br \/>\n\t\t\t    \t<\/span>\n\t\t\t\t<\/div>\n<\/p><\/div>\n<div class=\"post_img static\">\n\t\t\t    \t    \t<a href=\"[get_bloginfo]url[\/get_bloginfo]\/index_php\/2021\/01\/04\/interview-mit-dr-dr-tobias-paulun-chief-strategy-officer-eex-ag\/\"><br \/>\n\t\t\t    \t    \t\t<img loading=\"lazy\" decoding=\"async\" width=\"960\" height=\"636\" src=\"[get_bloginfo]url[\/get_bloginfo]\/files\/wp-content\/uploads\/2020\/12\/eex-tobias-paulun-95499_vorschau-e1608278865494-960x636.jpg\" class=\"attachment-grandconference-blog size-grandconference-blog wp-post-image\" alt=\"\" loading=\"lazy\"\/>\t\t\t\t            <\/a>\n\t\t\t    \t    <\/div>\n<p>\t\t\t    <br class=\"clear\"\/><\/p>\n<p class=\"fqk44srj04fgyxc3g\">Dr. Annette Nietfeld:&nbsp;Herr Dr. Paulun, wie bewerten Sie als Energieb\u00f6rse die Pl\u00e4ne von EU-Kommission und Bundesregierung f\u00fcr den Aufbau von Wasserstoffm\u00e4rkten? Dr. Dr. Paulun:&nbsp;Als EEX begr\u00fc\u00dfen wir es sehr, dass der Aufbau von Wasserstoffm\u00e4rkten mit gro\u00dfer Priorit\u00e4t vorangetrieben wird. Die [&hellip;]\n<div class=\"post_button_wrapper\">\n\t\t\t    \t<a class=\"readmore\" href=\"[get_bloginfo]url[\/get_bloginfo]\/index_php\/2021\/01\/04\/interview-mit-dr-dr-tobias-paulun-chief-strategy-officer-eex-ag\/\">Weiterlesen<span class=\"ti-angle-right\">&nbsp;<\/span><\/a>\n\t\t\t    <\/div>\n<\/p><\/div>\n<\/p><\/div>\n<\/div>\n<p><br class=\"clear\"\/><br \/>\n<!-- End each blog post --><br \/>\n<!-- Begin each blog post --><\/p>\n<div id=\"post-3294\" class=\"post-3294 post type-post status-publish format-standard has-post-thumbnail hentry category-allgemein category-interviews-2021\">\n<div class=\"post_wrapper\">\n<div class=\"post_content_wrapper\">\n<div class=\"post_header\">\n<div class=\"post_header_title\">\n<h5><a href=\"[get_bloginfo]url[\/get_bloginfo]\/index_php\/2020\/11\/24\/interview-mit-dr-stefan-kaufmann-mdb\/\" title=\"Interview mit Dr. Stefan Kaufmann, MdB\">Interview mit Dr. Stefan Kaufmann, MdB<\/a><\/h5>\n<\/p><\/div>\n<div class=\"post_detail single_post\">\n\t\t\t    \t<span class=\"post_info_date\"><br \/>\n\t\t\t \t\t<a href=\"[get_bloginfo]url[\/get_bloginfo]\/index_php\/2020\/11\/24\/interview-mit-dr-stefan-kaufmann-mdb\/\" title=\"Interview mit Dr. Stefan Kaufmann, MdB\">24. November 2020<\/a><br \/>\n\t\t\t    \t<\/span><br \/>\n\t\t\t    \t<span class=\"post_info_comment\"><br \/>\n\t\t\t    \t\t\u2022<br \/>\n\t\t\t    \t\t<a href=\"[get_bloginfo]url[\/get_bloginfo]\/index_php\/2020\/11\/24\/interview-mit-dr-stefan-kaufmann-mdb\/#respond\"><br \/>\n\t\t\t    \t\t\t0&nbsp;Kommentar\t\t\t    \t\t<\/a><br \/>\n\t\t\t    \t<\/span>\n\t\t\t\t<\/div>\n<\/p><\/div>\n<div class=\"post_img static\">\n\t\t\t    \t    \t<a href=\"[get_bloginfo]url[\/get_bloginfo]\/index_php\/2020\/11\/24\/interview-mit-dr-stefan-kaufmann-mdb\/\"><br \/>\n\t\t\t    \t    \t\t<img loading=\"lazy\" decoding=\"async\" width=\"960\" height=\"636\" src=\"[get_bloginfo]url[\/get_bloginfo]\/files\/wp-content\/uploads\/2020\/09\/kaufmann_c-dr.-kaufmann-960x636.jpg\" class=\"attachment-grandconference-blog size-grandconference-blog wp-post-image\" alt=\"\" loading=\"lazy\"\/>\t\t\t\t            <\/a>\n\t\t\t    \t    <\/div>\n<p>\t\t\t    <br class=\"clear\"\/><\/p>\n<p class=\"fqk44srj04fgyxc3g\">Dr. Annette Nietfeld: Herr Dr. Kaufmann, Sie sind im Juni 2020 zum Innovationsbeauftragten \u201eGr\u00fcner Wasserstoff\u201c des Bundesministeriums f\u00fcr Bildung und Forschung ernannt worden. Welche Aufgaben sind mit dieser Funktion verbunden und welche Schwerpunkte m\u00f6chten Sie setzen? Dr. Stefan Kaufmann, MdB: [&hellip;]\n<div class=\"post_button_wrapper\">\n\t\t\t    \t<a class=\"readmore\" href=\"[get_bloginfo]url[\/get_bloginfo]\/index_php\/2020\/11\/24\/interview-mit-dr-stefan-kaufmann-mdb\/\">Weiterlesen<span class=\"ti-angle-right\">&nbsp;<\/span><\/a>\n\t\t\t    <\/div>\n<\/p><\/div>\n<\/p><\/div>\n<\/div>\n<p><br class=\"clear\"\/><br \/>\n<!-- End each blog post --><br \/>\n<!-- Begin each blog post --><\/p>\n<div id=\"post-3517\" class=\"post-3517 post type-post status-publish format-standard has-post-thumbnail hentry category-allgemein category-interviews-2021\">\n<div class=\"post_wrapper\">\n<div class=\"post_content_wrapper\">\n<div class=\"post_header\">\n<div class=\"post_header_title\">\n<h5><a href=\"[get_bloginfo]url[\/get_bloginfo]\/index_php\/2020\/12\/04\/interview-mit-dr-annette-nietfeld\/\" title=\"Interview mit Dr. Annette Nietfeld\">Interview mit Dr. Annette Nietfeld<\/a><\/h5>\n<\/p><\/div>\n<div class=\"post_detail single_post\">\n\t\t\t    \t<span class=\"post_info_date\"><br \/>\n\t\t\t \t\t<a href=\"[get_bloginfo]url[\/get_bloginfo]\/index_php\/2020\/12\/04\/interview-mit-dr-annette-nietfeld\/\" title=\"Interview mit Dr. Annette Nietfeld\">4. Dezember 2020<\/a><br \/>\n\t\t\t    \t<\/span><br \/>\n\t\t\t    \t<span class=\"post_info_comment\"><br \/>\n\t\t\t    \t\t\u2022<br \/>\n\t\t\t    \t\t<a href=\"[get_bloginfo]url[\/get_bloginfo]\/index_php\/2020\/12\/04\/interview-mit-dr-annette-nietfeld\/#respond\"><br \/>\n\t\t\t    \t\t\t0&nbsp;Kommentar\t\t\t    \t\t<\/a><br \/>\n\t\t\t    \t<\/span>\n\t\t\t\t<\/div>\n<\/p><\/div>\n<div class=\"post_img static\">\n\t\t\t    \t    \t<a href=\"[get_bloginfo]url[\/get_bloginfo]\/index_php\/2020\/12\/04\/interview-mit-dr-annette-nietfeld\/\"><br \/>\n\t\t\t    \t    \t\t<img loading=\"lazy\" decoding=\"async\" src=\"[get_bloginfo]url[\/get_bloginfo]\/files\/wp-content\/uploads\/2019\/12\/xl-0028_37650_nietfeld-neu-960x636.png\" width=\"960\" height=\"636\"  class=\"attachment-grandconference-blog size-grandconference-blog wp-post-image\" alt=\"\" loading=\"lazy\"\/>\t\t\t\t            <\/a>\n\t\t\t    \t    <\/div>\n<p>\t\t\t    <br class=\"clear\"\/><\/p>\n<p class=\"fqk44srj04fgyxc3g\">Energiewende branchen\u00fcbergreifend innovativ gestalten THEMEN|:magazin (12\/2020) Seit nunmehr 30 Jahren ist das Forum f\u00fcr Zukunftsenergien in weiten Bereichen der Energiepolitik, Energiewirtschaft und Energietechnik t\u00e4tig. Es ist die einzige politisch unabh\u00e4ngige und branchen\u00fcbergreifende Institution der Energiewirtschaft und Energiepolitik im vorparlamentarischen Raum [&hellip;]\n<div class=\"post_button_wrapper\">\n\t\t\t    \t<a class=\"readmore\" href=\"[get_bloginfo]url[\/get_bloginfo]\/index_php\/2020\/12\/04\/interview-mit-dr-annette-nietfeld\/\">Weiterlesen<span class=\"ti-angle-right\">&nbsp;<\/span><\/a>\n\t\t\t    <\/div>\n<\/p><\/div>\n<\/p><\/div>\n<\/div>\n<p><br class=\"clear\"\/><br \/>\n<!-- End each blog post -->\n    \t<\/div>\n<div class=\"sidebar_wrapper\">\n<div class=\"sidebar_top\"><\/div>\n<div class=\"sidebar\">\n<div class=\"content\">\n    \t\t\t\t<\/div>\n<\/p><\/div>\n<p>    \t\t\t<br class=\"clear\"\/><\/p>\n<div class=\"sidebar_bottom\"><\/div>\n<\/p><\/div>\n<\/p><\/div>\n<p>    <!-- End main content -->\n<\/div>\n<\/div>\n","protected":false},"excerpt":{"rendered":"<p>Interviews 2021 Interview mit Axel Gedaschko (Pr\u00e4sident, GdW) 18. Januar 2021 \u2022 0&nbsp;Kommentar Dr. Annette Nietfeld: Die EU-Kommission hat sich vorgenommen, die Renovierungsrate in der EU bis 2030 auf mindestens 2 % im Jahr zu steigern. 35 Millionen Geb\u00e4ude sollen [&hellip;]<\/p>\n","protected":false},"author":1,"featured_media":0,"parent":0,"menu_order":69,"comment_status":"closed","ping_status":"closed","template":"template_3.php","meta":{"_acf_changed":false,"footnotes":""},"class_list":["post-1669","page","type-page","status-publish","hentry"],"acf":[],"yoast_head":"<!-- This site is optimized with the Yoast SEO plugin v24.0 - https:\/\/yoast.com\/wordpress\/plugins\/seo\/ -->\n<title>Interviews 2021 - ENERGIE.CROSS.MEDIAL<\/title>\n<meta name=\"robots\" content=\"index, follow, max-snippet:-1, max-image-preview:large, max-video-preview:-1\" \/>\n<link rel=\"canonical\" href=\"https:\/\/www.energiecrossmedial.de\/index.php\/interviews-2021-2\/\" \/>\n<meta property=\"og:locale\" content=\"de_DE\" \/>\n<meta property=\"og:type\" content=\"article\" \/>\n<meta property=\"og:title\" content=\"Interviews 2021 - ENERGIE.CROSS.MEDIAL\" \/>\n<meta property=\"og:description\" content=\"Interviews 2021 Interview mit Axel Gedaschko (Pr\u00e4sident, GdW) 18. Januar 2021 \u2022 0&nbsp;Kommentar Dr. Annette Nietfeld: Die EU-Kommission hat sich vorgenommen, die Renovierungsrate in der EU bis 2030 auf mindestens 2 % im Jahr zu steigern. 35 Millionen Geb\u00e4ude sollen [&hellip;]\" \/>\n<meta property=\"og:url\" content=\"https:\/\/www.energiecrossmedial.de\/index.php\/interviews-2021-2\/\" \/>\n<meta property=\"og:site_name\" content=\"ENERGIE.CROSS.MEDIAL\" \/>\n<meta name=\"twitter:card\" content=\"summary_large_image\" \/>\n<meta name=\"twitter:site\" content=\"@EnergieXMedial\" \/>\n<meta name=\"twitter:label1\" content=\"Gesch\u00e4tzte Lesezeit\" \/>\n\t<meta name=\"twitter:data1\" content=\"2\u00a0Minuten\" \/>\n<script type=\"application\/ld+json\" class=\"yoast-schema-graph\">{\"@context\":\"https:\/\/schema.org\",\"@graph\":[{\"@type\":\"WebPage\",\"@id\":\"https:\/\/www.energiecrossmedial.de\/index.php\/interviews-2021-2\/\",\"url\":\"https:\/\/www.energiecrossmedial.de\/index.php\/interviews-2021-2\/\",\"name\":\"Interviews 2021 - ENERGIE.CROSS.MEDIAL\",\"isPartOf\":{\"@id\":\"https:\/\/www.energiecrossmedial.de\/#website\"},\"datePublished\":\"2021-09-20T12:20:09+00:00\",\"dateModified\":\"2021-09-20T12:20:09+00:00\",\"breadcrumb\":{\"@id\":\"https:\/\/www.energiecrossmedial.de\/index.php\/interviews-2021-2\/#breadcrumb\"},\"inLanguage\":\"de\",\"potentialAction\":[{\"@type\":\"ReadAction\",\"target\":[\"https:\/\/www.energiecrossmedial.de\/index.php\/interviews-2021-2\/\"]}]},{\"@type\":\"BreadcrumbList\",\"@id\":\"https:\/\/www.energiecrossmedial.de\/index.php\/interviews-2021-2\/#breadcrumb\",\"itemListElement\":[{\"@type\":\"ListItem\",\"position\":1,\"name\":\"Startseite\",\"item\":\"https:\/\/www.energiecrossmedial.de\/\"},{\"@type\":\"ListItem\",\"position\":2,\"name\":\"Interviews\"}]},{\"@type\":\"WebSite\",\"@id\":\"https:\/\/www.energiecrossmedial.de\/#website\",\"url\":\"https:\/\/www.energiecrossmedial.de\/\",\"name\":\"ENERGIE.CROSS.MEDIAL - das forum der energiewende\",\"description\":\"das forum der energiewende\",\"publisher\":{\"@id\":\"https:\/\/www.energiecrossmedial.de\/#organization\"},\"potentialAction\":[{\"@type\":\"SearchAction\",\"target\":{\"@type\":\"EntryPoint\",\"urlTemplate\":\"https:\/\/www.energiecrossmedial.de\/?s={search_term_string}\"},\"query-input\":{\"@type\":\"PropertyValueSpecification\",\"valueRequired\":true,\"valueName\":\"search_term_string\"}}],\"inLanguage\":\"de\"},{\"@type\":\"Organization\",\"@id\":\"https:\/\/www.energiecrossmedial.de\/#organization\",\"name\":\"ENERGIE.CROSS.MEDIAL - das forum der energiewende\",\"url\":\"https:\/\/www.energiecrossmedial.de\/\",\"logo\":{\"@type\":\"ImageObject\",\"inLanguage\":\"de\",\"@id\":\"https:\/\/www.energiecrossmedial.de\/#\/schema\/logo\/image\/\",\"url\":\"https:\/\/www.energiecrossmedial.de\/wp-content\/uploads\/2023\/09\/cropped-Website_Icon.png\",\"contentUrl\":\"https:\/\/www.energiecrossmedial.de\/wp-content\/uploads\/2023\/09\/cropped-Website_Icon.png\",\"width\":512,\"height\":512,\"caption\":\"ENERGIE.CROSS.MEDIAL - das forum der energiewende\"},\"image\":{\"@id\":\"https:\/\/www.energiecrossmedial.de\/#\/schema\/logo\/image\/\"},\"sameAs\":[\"https:\/\/x.com\/EnergieXMedial\",\"https:\/\/www.linkedin.com\/company\/zukunftsenergien\/\"]}]}<\/script>\n<!-- \/ Yoast SEO plugin. -->","yoast_head_json":{"title":"Interviews 2021 - ENERGIE.CROSS.MEDIAL","robots":{"index":"index","follow":"follow","max-snippet":"max-snippet:-1","max-image-preview":"max-image-preview:large","max-video-preview":"max-video-preview:-1"},"canonical":"https:\/\/www.energiecrossmedial.de\/index.php\/interviews-2021-2\/","og_locale":"de_DE","og_type":"article","og_title":"Interviews 2021 - ENERGIE.CROSS.MEDIAL","og_description":"Interviews 2021 Interview mit Axel Gedaschko (Pr\u00e4sident, GdW) 18. Januar 2021 \u2022 0&nbsp;Kommentar Dr. Annette Nietfeld: Die EU-Kommission hat sich vorgenommen, die Renovierungsrate in der EU bis 2030 auf mindestens 2 % im Jahr zu steigern. 35 Millionen Geb\u00e4ude sollen [&hellip;]","og_url":"https:\/\/www.energiecrossmedial.de\/index.php\/interviews-2021-2\/","og_site_name":"ENERGIE.CROSS.MEDIAL","twitter_card":"summary_large_image","twitter_site":"@EnergieXMedial","twitter_misc":{"Gesch\u00e4tzte Lesezeit":"2\u00a0Minuten"},"schema":{"@context":"https:\/\/schema.org","@graph":[{"@type":"WebPage","@id":"https:\/\/www.energiecrossmedial.de\/index.php\/interviews-2021-2\/","url":"https:\/\/www.energiecrossmedial.de\/index.php\/interviews-2021-2\/","name":"Interviews 2021 - ENERGIE.CROSS.MEDIAL","isPartOf":{"@id":"https:\/\/www.energiecrossmedial.de\/#website"},"datePublished":"2021-09-20T12:20:09+00:00","dateModified":"2021-09-20T12:20:09+00:00","breadcrumb":{"@id":"https:\/\/www.energiecrossmedial.de\/index.php\/interviews-2021-2\/#breadcrumb"},"inLanguage":"de","potentialAction":[{"@type":"ReadAction","target":["https:\/\/www.energiecrossmedial.de\/index.php\/interviews-2021-2\/"]}]},{"@type":"BreadcrumbList","@id":"https:\/\/www.energiecrossmedial.de\/index.php\/interviews-2021-2\/#breadcrumb","itemListElement":[{"@type":"ListItem","position":1,"name":"Startseite","item":"https:\/\/www.energiecrossmedial.de\/"},{"@type":"ListItem","position":2,"name":"Interviews"}]},{"@type":"WebSite","@id":"https:\/\/www.energiecrossmedial.de\/#website","url":"https:\/\/www.energiecrossmedial.de\/","name":"ENERGIE.CROSS.MEDIAL - das forum der energiewende","description":"das forum der energiewende","publisher":{"@id":"https:\/\/www.energiecrossmedial.de\/#organization"},"potentialAction":[{"@type":"SearchAction","target":{"@type":"EntryPoint","urlTemplate":"https:\/\/www.energiecrossmedial.de\/?s={search_term_string}"},"query-input":{"@type":"PropertyValueSpecification","valueRequired":true,"valueName":"search_term_string"}}],"inLanguage":"de"},{"@type":"Organization","@id":"https:\/\/www.energiecrossmedial.de\/#organization","name":"ENERGIE.CROSS.MEDIAL - das forum der energiewende","url":"https:\/\/www.energiecrossmedial.de\/","logo":{"@type":"ImageObject","inLanguage":"de","@id":"https:\/\/www.energiecrossmedial.de\/#\/schema\/logo\/image\/","url":"https:\/\/www.energiecrossmedial.de\/wp-content\/uploads\/2023\/09\/cropped-Website_Icon.png","contentUrl":"https:\/\/www.energiecrossmedial.de\/wp-content\/uploads\/2023\/09\/cropped-Website_Icon.png","width":512,"height":512,"caption":"ENERGIE.CROSS.MEDIAL - das forum der energiewende"},"image":{"@id":"https:\/\/www.energiecrossmedial.de\/#\/schema\/logo\/image\/"},"sameAs":["https:\/\/x.com\/EnergieXMedial","https:\/\/www.linkedin.com\/company\/zukunftsenergien\/"]}]}},"jetpack_sharing_enabled":true,"_links":{"self":[{"href":"https:\/\/www.energiecrossmedial.de\/index.php\/wp-json\/wp\/v2\/pages\/1669","targetHints":{"allow":["GET"]}}],"collection":[{"href":"https:\/\/www.energiecrossmedial.de\/index.php\/wp-json\/wp\/v2\/pages"}],"about":[{"href":"https:\/\/www.energiecrossmedial.de\/index.php\/wp-json\/wp\/v2\/types\/page"}],"author":[{"embeddable":true,"href":"https:\/\/www.energiecrossmedial.de\/index.php\/wp-json\/wp\/v2\/users\/1"}],"replies":[{"embeddable":true,"href":"https:\/\/www.energiecrossmedial.de\/index.php\/wp-json\/wp\/v2\/comments?post=1669"}],"version-history":[{"count":0,"href":"https:\/\/www.energiecrossmedial.de\/index.php\/wp-json\/wp\/v2\/pages\/1669\/revisions"}],"wp:attachment":[{"href":"https:\/\/www.energiecrossmedial.de\/index.php\/wp-json\/wp\/v2\/media?parent=1669"}],"curies":[{"name":"wp","href":"https:\/\/api.w.org\/{rel}","templated":true}]}}