{"id":1672,"date":"2021-09-20T12:20:09","date_gmt":"2021-09-20T12:20:09","guid":{"rendered":"http:\/\/localhost\/wordpress\/interviews-2020\/"},"modified":"2021-09-20T12:20:09","modified_gmt":"2021-09-20T12:20:09","slug":"interviews","status":"publish","type":"page","link":"https:\/\/www.energiecrossmedial.de\/index.php\/interviews\/","title":{"rendered":"Interviews 2020"},"content":{"rendered":"<div id=\"page_caption\" class=\"blog_wrapper\">\n<div class=\"page_title_wrapper\">\n<div class=\"standard_wrapper\">\n<div class=\"page_title_inner\">\n<div class=\"page_title_content\">\n<h1>Interviews<\/h1>\n<div class=\"page_tagline\">\n<p class=\"fqk44srj04fgyxc3g\">Interviews<\/p>\n<p><br class=\"fqk44srj04fgyxc3g\"\/>\n\t\t\t\t    \t<\/div>\n<\/p><\/div>\n<\/p><\/div>\n<\/p><\/div>\n<\/p><\/div>\n<\/div>\n<p><!-- Begin content --><\/p>\n<div id=\"page_content_wrapper\" class=\"blog_wrapper\">\n<div class=\"inner\">\n    \t<!-- Begin main content --><\/p>\n<div class=\"inner_wrapper\">\n<div class=\"sidebar_content\">\n<!-- Begin each blog post --><\/p>\n<div id=\"post-2651\" class=\"post-2651 post type-post status-publish format-standard hentry category-interviews\">\n<div class=\"post_wrapper\">\n<div class=\"post_content_wrapper\">\n<div class=\"post_header\">\n<div class=\"post_header_title\">\n<h5><a href=\"[get_bloginfo]url[\/get_bloginfo]\/index_php\/2020\/03\/05\/interview-mit-lex-hartmann-ubitricity\/\" title=\"Interview mit Lex Hartmann (ubitricity)\">Interview mit Lex Hartmann (ubitricity)<\/a><\/h5>\n<\/p><\/div>\n<div class=\"post_detail single_post\">\n\t\t\t    \t<span class=\"post_info_date\"><br \/>\n\t\t\t \t\t<a href=\"[get_bloginfo]url[\/get_bloginfo]\/index_php\/2020\/03\/05\/interview-mit-lex-hartmann-ubitricity\/\" title=\"Interview mit Lex Hartmann (ubitricity)\">5. M\u00e4rz 2020<\/a><br \/>\n\t\t\t    \t<\/span><br \/>\n\t\t\t    \t<span class=\"post_info_comment\"><br \/>\n\t\t\t    \t\t\u2022<br \/>\n\t\t\t    \t\t<a href=\"[get_bloginfo]url[\/get_bloginfo]\/index_php\/2020\/03\/05\/interview-mit-lex-hartmann-ubitricity\/#respond\"><br \/>\n\t\t\t    \t\t\t0&nbsp;Kommentar\t\t\t    \t\t<\/a><br \/>\n\t\t\t    \t<\/span>\n\t\t\t\t<\/div>\n<\/p><\/div>\n<p>\t\t\t    <br class=\"clear\"\/><\/p>\n<p class=\"fqk44srj04fgyxc3g\">Dr. Annette Nietfeld im Gespr\u00e4ch mit Lex Hartman Dr. Annette Nietfeld: Was erwarten Sie sich von dem neuen Veranstaltungsformat \u201eENERGIE.CROSS.MEDIAL\u201c? Lex Hartman: Ich erwarte mir davon, Gesch\u00e4ftsleute, Wissenschaftler und Politiker zu treffen, mit denen ich \u00fcber wichtige Themen, die zuk\u00fcnftig [&hellip;]\n<div class=\"post_button_wrapper\">\n\t\t\t    \t<a class=\"readmore\" href=\"[get_bloginfo]url[\/get_bloginfo]\/index_php\/2020\/03\/05\/interview-mit-lex-hartmann-ubitricity\/\">Weiterlesen<span class=\"ti-angle-right\">&nbsp;<\/span><\/a>\n\t\t\t    <\/div>\n<\/p><\/div>\n<\/p><\/div>\n<\/div>\n<p><br class=\"clear\"\/><br \/>\n<!-- End each blog post --><br \/>\n<!-- Begin each blog post --><\/p>\n<div id=\"post-2633\" class=\"post-2633 post type-post status-publish format-standard hentry category-interviews\">\n<div class=\"post_wrapper\">\n<div class=\"post_content_wrapper\">\n<div class=\"post_header\">\n<div class=\"post_header_title\">\n<h5><a href=\"[get_bloginfo]url[\/get_bloginfo]\/index_php\/2020\/03\/05\/interview-mit-dr-lauber-vdma\/\" title=\"Interview mit Dr. Lauber (MAN Energy Solutions SE)\">Interview mit Dr. Lauber (MAN Energy Solutions SE)<\/a><\/h5>\n<\/p><\/div>\n<div class=\"post_detail single_post\">\n\t\t\t    \t<span class=\"post_info_date\"><br \/>\n\t\t\t \t\t<a href=\"[get_bloginfo]url[\/get_bloginfo]\/index_php\/2020\/03\/05\/interview-mit-dr-lauber-vdma\/\" title=\"Interview mit Dr. Lauber (MAN Energy Solutions SE)\">5. M\u00e4rz 2020<\/a><br \/>\n\t\t\t    \t<\/span><br \/>\n\t\t\t    \t<span class=\"post_info_comment\"><br \/>\n\t\t\t    \t\t\u2022<br \/>\n\t\t\t    \t\t<a href=\"[get_bloginfo]url[\/get_bloginfo]\/index_php\/2020\/03\/05\/interview-mit-dr-lauber-vdma\/#respond\"><br \/>\n\t\t\t    \t\t\t0&nbsp;Kommentar\t\t\t    \t\t<\/a><br \/>\n\t\t\t    \t<\/span>\n\t\t\t\t<\/div>\n<\/p><\/div>\n<p>\t\t\t    <br class=\"clear\"\/><\/p>\n<p class=\"fqk44srj04fgyxc3g\">Dr. Annette Nietfeld im Gespr\u00e4ch mit Dr. Uwe Lauber Dr. Annette Nietfeld: Herr Dr. Lauber: Was erwarten Sie sich bzw. der VDMA von dem neuen Veranstaltungsformat \u201eENERGIE.CROSS.MEDIAL\u201c? Dr. Uwe Lauber: Mit ENERGIE.CROSS.MEDIAL wird der Versuch unternommen, \u00fcber Branchengrenzen hinweg zu [&hellip;]\n<div class=\"post_button_wrapper\">\n\t\t\t    \t<a class=\"readmore\" href=\"[get_bloginfo]url[\/get_bloginfo]\/index_php\/2020\/03\/05\/interview-mit-dr-lauber-vdma\/\">Weiterlesen<span class=\"ti-angle-right\">&nbsp;<\/span><\/a>\n\t\t\t    <\/div>\n<\/p><\/div>\n<\/p><\/div>\n<\/div>\n<p><br class=\"clear\"\/><br \/>\n<!-- End each blog post --><br \/>\n<!-- Begin each blog post --><\/p>\n<div id=\"post-2579\" class=\"post-2579 post type-post status-publish format-standard hentry category-allgemein category-interviews\">\n<div class=\"post_wrapper\">\n<div class=\"post_content_wrapper\">\n<div class=\"post_header\">\n<div class=\"post_header_title\">\n<h5><a href=\"[get_bloginfo]url[\/get_bloginfo]\/index_php\/2020\/03\/02\/interview-mit-prof-dr-ing-christian-kuechen-mwv\/\" title=\"Interview mit Prof. Dr.-Ing. Christian K\u00fcchen (MWV)\">Interview mit Prof. Dr.-Ing. Christian K\u00fcchen (MWV)<\/a><\/h5>\n<\/p><\/div>\n<div class=\"post_detail single_post\">\n\t\t\t    \t<span class=\"post_info_date\"><br \/>\n\t\t\t \t\t<a href=\"[get_bloginfo]url[\/get_bloginfo]\/index_php\/2020\/03\/02\/interview-mit-prof-dr-ing-christian-kuechen-mwv\/\" title=\"Interview mit Prof. Dr.-Ing. Christian K\u00fcchen (MWV)\">2. M\u00e4rz 2020<\/a><br \/>\n\t\t\t    \t<\/span><br \/>\n\t\t\t    \t<span class=\"post_info_comment\"><br \/>\n\t\t\t    \t\t\u2022<br \/>\n\t\t\t    \t\t<a href=\"[get_bloginfo]url[\/get_bloginfo]\/index_php\/2020\/03\/02\/interview-mit-prof-dr-ing-christian-kuechen-mwv\/#respond\"><br \/>\n\t\t\t    \t\t\t0&nbsp;Kommentar\t\t\t    \t\t<\/a><br \/>\n\t\t\t    \t<\/span>\n\t\t\t\t<\/div>\n<\/p><\/div>\n<p>\t\t\t    <br class=\"clear\"\/><\/p>\n<p class=\"fqk44srj04fgyxc3g\">Dr. Annette Nietfeld im Gespr\u00e4ch mit Prof. Dr.-Ing. Christian K\u00fcchen Am 10. und 11. M\u00e4rz 2020 diskutieren bei ENERGIE.CROSS.MEDIAL zahlreiche Experten sektoren\u00fcbergreifend dar\u00fcber, wie die verschiedenen Branchen die energie- und klimapolitischen Herausforderungen der kommenden Jahre gemeinsam meistern k\u00f6nnen. Prof. Dr.-Ing. [&hellip;]\n<div class=\"post_button_wrapper\">\n\t\t\t    \t<a class=\"readmore\" href=\"[get_bloginfo]url[\/get_bloginfo]\/index_php\/2020\/03\/02\/interview-mit-prof-dr-ing-christian-kuechen-mwv\/\">Weiterlesen<span class=\"ti-angle-right\">&nbsp;<\/span><\/a>\n\t\t\t    <\/div>\n<\/p><\/div>\n<\/p><\/div>\n<\/div>\n<p><br class=\"clear\"\/><br \/>\n<!-- End each blog post --><br \/>\n<!-- Begin each blog post --><\/p>\n<div id=\"post-2507\" class=\"post-2507 post type-post status-publish format-standard hentry category-interviews\">\n<div class=\"post_wrapper\">\n<div class=\"post_content_wrapper\">\n<div class=\"post_header\">\n<div class=\"post_header_title\">\n<h5><a href=\"[get_bloginfo]url[\/get_bloginfo]\/index_php\/2020\/02\/28\/dr-julius-scholz-now-gmbh\/\" title=\"Interview mit Dr. Julius Scholz (NOW GmbH)\">Interview mit Dr. Julius Scholz (NOW GmbH)<\/a><\/h5>\n<\/p><\/div>\n<div class=\"post_detail single_post\">\n\t\t\t    \t<span class=\"post_info_date\"><br \/>\n\t\t\t \t\t<a href=\"[get_bloginfo]url[\/get_bloginfo]\/index_php\/2020\/02\/28\/dr-julius-scholz-now-gmbh\/\" title=\"Interview mit Dr. Julius Scholz (NOW GmbH)\">28. Februar 2020<\/a><br \/>\n\t\t\t    \t<\/span><br \/>\n\t\t\t    \t<span class=\"post_info_comment\"><br \/>\n\t\t\t    \t\t\u2022<br \/>\n\t\t\t    \t\t<a href=\"[get_bloginfo]url[\/get_bloginfo]\/index_php\/2020\/02\/28\/dr-julius-scholz-now-gmbh\/#respond\"><br \/>\n\t\t\t    \t\t\t0&nbsp;Kommentar\t\t\t    \t\t<\/a><br \/>\n\t\t\t    \t<\/span>\n\t\t\t\t<\/div>\n<\/p><\/div>\n<p>\t\t\t    <br class=\"clear\"\/><\/p>\n<p class=\"fqk44srj04fgyxc3g\">Dr. Annette Nietfeld im Gespr\u00e4ch mit Dr. Julius Scholz (Programm Manager Internationale Kooperation, NOW GmbH) Dr. Annette Nietfeld: Was erwarten Sie sich bzw. NOW von dem neuen Veranstaltungsformat \u201eENERGIE.CROSS.MEDIAL 2020\u201c? Dr. Julius Scholz: Bei \u201eENERGIE.CROSS.MEDIAL\u201c handelt es sich um eine [&hellip;]\n<div class=\"post_button_wrapper\">\n\t\t\t    \t<a class=\"readmore\" href=\"[get_bloginfo]url[\/get_bloginfo]\/index_php\/2020\/02\/28\/dr-julius-scholz-now-gmbh\/\">Weiterlesen<span class=\"ti-angle-right\">&nbsp;<\/span><\/a>\n\t\t\t    <\/div>\n<\/p><\/div>\n<\/p><\/div>\n<\/div>\n<p><br class=\"clear\"\/><br \/>\n<!-- End each blog post --><br \/>\n<!-- Begin each blog post --><\/p>\n<div id=\"post-2465\" class=\"post-2465 post type-post status-publish format-standard hentry category-interviews\">\n<div class=\"post_wrapper\">\n<div class=\"post_content_wrapper\">\n<div class=\"post_header\">\n<div class=\"post_header_title\">\n<h5><a href=\"[get_bloginfo]url[\/get_bloginfo]\/index_php\/2020\/02\/24\/interview-mit-susanne-fabry-e-on-se\/\" title=\"Interview mit Susanne Fabry (E.ON SE)\">Interview mit Susanne Fabry (E.ON SE)<\/a><\/h5>\n<\/p><\/div>\n<div class=\"post_detail single_post\">\n\t\t\t    \t<span class=\"post_info_date\"><br \/>\n\t\t\t \t\t<a href=\"[get_bloginfo]url[\/get_bloginfo]\/index_php\/2020\/02\/24\/interview-mit-susanne-fabry-e-on-se\/\" title=\"Interview mit Susanne Fabry (E.ON SE)\">24. Februar 2020<\/a><br \/>\n\t\t\t    \t<\/span><br \/>\n\t\t\t    \t<span class=\"post_info_comment\"><br \/>\n\t\t\t    \t\t\u2022<br \/>\n\t\t\t    \t\t<a href=\"[get_bloginfo]url[\/get_bloginfo]\/index_php\/2020\/02\/24\/interview-mit-susanne-fabry-e-on-se\/#respond\"><br \/>\n\t\t\t    \t\t\t0&nbsp;Kommentar\t\t\t    \t\t<\/a><br \/>\n\t\t\t    \t<\/span>\n\t\t\t\t<\/div>\n<\/p><\/div>\n<p>\t\t\t    <br class=\"clear\"\/><\/p>\n<p class=\"fqk44srj04fgyxc3g\">Dr. Annette Nietfeld im Gespr\u00e4ch mit Susanne Fabry (Leiterin Steuerung Deutsche Netze, E.ON SE) Dr. Annette Nietfeld: Was erwarten Sie sich bzw. E.ON von dem neuen Veranstaltungsformat \u201eENERGIE.CROSS.MEDIAL\u201c?<\/p>\n<div class=\"post_button_wrapper\">\n\t\t\t    \t<a class=\"readmore\" href=\"[get_bloginfo]url[\/get_bloginfo]\/index_php\/2020\/02\/24\/interview-mit-susanne-fabry-e-on-se\/\">Weiterlesen<span class=\"ti-angle-right\">&nbsp;<\/span><\/a>\n\t\t\t    <\/div>\n<\/p><\/div>\n<\/p><\/div>\n<\/div>\n<p><br class=\"clear\"\/><br \/>\n<!-- End each blog post --><br \/>\n<!-- Begin each blog post --><\/p>\n<div id=\"post-2349\" class=\"post-2349 post type-post status-publish format-standard hentry category-interviews\">\n<div class=\"post_wrapper\">\n<div class=\"post_content_wrapper\">\n<div class=\"post_header\">\n<div class=\"post_header_title\">\n<h5><a href=\"[get_bloginfo]url[\/get_bloginfo]\/index_php\/2020\/02\/19\/interviewschein\/\" title=\"Interview mit Torsten Schein (DB Energie GmbH)\">Interview mit Torsten Schein (DB Energie GmbH)<\/a><\/h5>\n<\/p><\/div>\n<div class=\"post_detail single_post\">\n\t\t\t    \t<span class=\"post_info_date\"><br \/>\n\t\t\t \t\t<a href=\"[get_bloginfo]url[\/get_bloginfo]\/index_php\/2020\/02\/19\/interviewschein\/\" title=\"Interview mit Torsten Schein (DB Energie GmbH)\">19. Februar 2020<\/a><br \/>\n\t\t\t    \t<\/span><br \/>\n\t\t\t    \t<span class=\"post_info_comment\"><br \/>\n\t\t\t    \t\t\u2022<br \/>\n\t\t\t    \t\t<a href=\"[get_bloginfo]url[\/get_bloginfo]\/index_php\/2020\/02\/19\/interviewschein\/#respond\"><br \/>\n\t\t\t    \t\t\t0&nbsp;Kommentar\t\t\t    \t\t<\/a><br \/>\n\t\t\t    \t<\/span>\n\t\t\t\t<\/div>\n<\/p><\/div>\n<p>\t\t\t    <br class=\"clear\"\/><\/p>\n<p class=\"fqk44srj04fgyxc3g\">Torsten Schein, Vorsitzender der Gesch\u00e4ftsf\u00fchrung DB Energie GmbH und Mitglied des Vorstandes im Forum f\u00fcr Zukunftsenergien, mit Blick auf das Engagement der DB Energie im Rahmen von \u201eENERGIE.CROSS.MEDIAL 2020\u201c am 10. und 11. M\u00e4rz 2020<\/p>\n<div class=\"post_button_wrapper\">\n\t\t\t    \t<a class=\"readmore\" href=\"[get_bloginfo]url[\/get_bloginfo]\/index_php\/2020\/02\/19\/interviewschein\/\">Weiterlesen<span class=\"ti-angle-right\">&nbsp;<\/span><\/a>\n\t\t\t    <\/div>\n<\/p><\/div>\n<\/p><\/div>\n<\/div>\n<p><br class=\"clear\"\/><br \/>\n<!-- End each blog post -->\n    \t<\/div>\n<div class=\"sidebar_wrapper\">\n<div class=\"sidebar_top\"><\/div>\n<div class=\"sidebar\">\n<div class=\"content\">\n    \t\t\t\t<\/div>\n<\/p><\/div>\n<p>    \t\t\t<br class=\"clear\"\/><\/p>\n<div class=\"sidebar_bottom\"><\/div>\n<\/p><\/div>\n<\/p><\/div>\n<p>    <!-- End main content -->\n<\/div>\n<\/div>\n","protected":false},"excerpt":{"rendered":"<p>Interviews Interviews Interview mit Lex Hartmann (ubitricity) 5. M\u00e4rz 2020 \u2022 0&nbsp;Kommentar Dr. Annette Nietfeld im Gespr\u00e4ch mit Lex Hartman Dr. Annette Nietfeld: Was erwarten Sie sich von dem neuen Veranstaltungsformat \u201eENERGIE.CROSS.MEDIAL\u201c? Lex Hartman: Ich erwarte mir davon, Gesch\u00e4ftsleute, Wissenschaftler [&hellip;]<\/p>\n","protected":false},"author":1,"featured_media":0,"parent":0,"menu_order":65,"comment_status":"closed","ping_status":"closed","template":"template_3.php","meta":{"_acf_changed":false,"footnotes":""},"class_list":["post-1672","page","type-page","status-publish","hentry"],"acf":[],"yoast_head":"<!-- This site is optimized with the Yoast SEO plugin v24.0 - https:\/\/yoast.com\/wordpress\/plugins\/seo\/ -->\n<title>Interviews - ENERGIE.CROSS.MEDIAL<\/title>\n<meta name=\"robots\" content=\"index, follow, max-snippet:-1, max-image-preview:large, max-video-preview:-1\" \/>\n<link rel=\"canonical\" href=\"https:\/\/www.energiecrossmedial.de\/index.php\/interviews\/\" \/>\n<meta property=\"og:locale\" content=\"de_DE\" \/>\n<meta property=\"og:type\" content=\"article\" \/>\n<meta property=\"og:title\" content=\"Interviews - ENERGIE.CROSS.MEDIAL\" \/>\n<meta property=\"og:description\" content=\"Interviews Interviews Interview mit Lex Hartmann (ubitricity) 5. M\u00e4rz 2020 \u2022 0&nbsp;Kommentar Dr. Annette Nietfeld im Gespr\u00e4ch mit Lex Hartman Dr. Annette Nietfeld: Was erwarten Sie sich von dem neuen Veranstaltungsformat \u201eENERGIE.CROSS.MEDIAL\u201c? Lex Hartman: Ich erwarte mir davon, Gesch\u00e4ftsleute, Wissenschaftler [&hellip;]\" \/>\n<meta property=\"og:url\" content=\"https:\/\/www.energiecrossmedial.de\/index.php\/interviews\/\" \/>\n<meta property=\"og:site_name\" content=\"ENERGIE.CROSS.MEDIAL\" \/>\n<meta name=\"twitter:card\" content=\"summary_large_image\" \/>\n<meta name=\"twitter:site\" content=\"@EnergieXMedial\" \/>\n<meta name=\"twitter:label1\" content=\"Gesch\u00e4tzte Lesezeit\" \/>\n\t<meta name=\"twitter:data1\" content=\"2\u00a0Minuten\" \/>\n<script type=\"application\/ld+json\" class=\"yoast-schema-graph\">{\"@context\":\"https:\/\/schema.org\",\"@graph\":[{\"@type\":\"WebPage\",\"@id\":\"https:\/\/www.energiecrossmedial.de\/index.php\/interviews\/\",\"url\":\"https:\/\/www.energiecrossmedial.de\/index.php\/interviews\/\",\"name\":\"Interviews - ENERGIE.CROSS.MEDIAL\",\"isPartOf\":{\"@id\":\"https:\/\/www.energiecrossmedial.de\/#website\"},\"datePublished\":\"2021-09-20T12:20:09+00:00\",\"dateModified\":\"2021-09-20T12:20:09+00:00\",\"breadcrumb\":{\"@id\":\"https:\/\/www.energiecrossmedial.de\/index.php\/interviews\/#breadcrumb\"},\"inLanguage\":\"de\",\"potentialAction\":[{\"@type\":\"ReadAction\",\"target\":[\"https:\/\/www.energiecrossmedial.de\/index.php\/interviews\/\"]}]},{\"@type\":\"BreadcrumbList\",\"@id\":\"https:\/\/www.energiecrossmedial.de\/index.php\/interviews\/#breadcrumb\",\"itemListElement\":[{\"@type\":\"ListItem\",\"position\":1,\"name\":\"Startseite\",\"item\":\"https:\/\/www.energiecrossmedial.de\/\"},{\"@type\":\"ListItem\",\"position\":2,\"name\":\"Interviews 2020\"}]},{\"@type\":\"WebSite\",\"@id\":\"https:\/\/www.energiecrossmedial.de\/#website\",\"url\":\"https:\/\/www.energiecrossmedial.de\/\",\"name\":\"ENERGIE.CROSS.MEDIAL - das forum der energiewende\",\"description\":\"das forum der energiewende\",\"publisher\":{\"@id\":\"https:\/\/www.energiecrossmedial.de\/#organization\"},\"potentialAction\":[{\"@type\":\"SearchAction\",\"target\":{\"@type\":\"EntryPoint\",\"urlTemplate\":\"https:\/\/www.energiecrossmedial.de\/?s={search_term_string}\"},\"query-input\":{\"@type\":\"PropertyValueSpecification\",\"valueRequired\":true,\"valueName\":\"search_term_string\"}}],\"inLanguage\":\"de\"},{\"@type\":\"Organization\",\"@id\":\"https:\/\/www.energiecrossmedial.de\/#organization\",\"name\":\"ENERGIE.CROSS.MEDIAL - das forum der energiewende\",\"url\":\"https:\/\/www.energiecrossmedial.de\/\",\"logo\":{\"@type\":\"ImageObject\",\"inLanguage\":\"de\",\"@id\":\"https:\/\/www.energiecrossmedial.de\/#\/schema\/logo\/image\/\",\"url\":\"https:\/\/www.energiecrossmedial.de\/wp-content\/uploads\/2023\/09\/cropped-Website_Icon.png\",\"contentUrl\":\"https:\/\/www.energiecrossmedial.de\/wp-content\/uploads\/2023\/09\/cropped-Website_Icon.png\",\"width\":512,\"height\":512,\"caption\":\"ENERGIE.CROSS.MEDIAL - das forum der energiewende\"},\"image\":{\"@id\":\"https:\/\/www.energiecrossmedial.de\/#\/schema\/logo\/image\/\"},\"sameAs\":[\"https:\/\/x.com\/EnergieXMedial\",\"https:\/\/www.linkedin.com\/company\/zukunftsenergien\/\"]}]}<\/script>\n<!-- \/ Yoast SEO plugin. -->","yoast_head_json":{"title":"Interviews - ENERGIE.CROSS.MEDIAL","robots":{"index":"index","follow":"follow","max-snippet":"max-snippet:-1","max-image-preview":"max-image-preview:large","max-video-preview":"max-video-preview:-1"},"canonical":"https:\/\/www.energiecrossmedial.de\/index.php\/interviews\/","og_locale":"de_DE","og_type":"article","og_title":"Interviews - ENERGIE.CROSS.MEDIAL","og_description":"Interviews Interviews Interview mit Lex Hartmann (ubitricity) 5. M\u00e4rz 2020 \u2022 0&nbsp;Kommentar Dr. Annette Nietfeld im Gespr\u00e4ch mit Lex Hartman Dr. Annette Nietfeld: Was erwarten Sie sich von dem neuen Veranstaltungsformat \u201eENERGIE.CROSS.MEDIAL\u201c? Lex Hartman: Ich erwarte mir davon, Gesch\u00e4ftsleute, Wissenschaftler [&hellip;]","og_url":"https:\/\/www.energiecrossmedial.de\/index.php\/interviews\/","og_site_name":"ENERGIE.CROSS.MEDIAL","twitter_card":"summary_large_image","twitter_site":"@EnergieXMedial","twitter_misc":{"Gesch\u00e4tzte Lesezeit":"2\u00a0Minuten"},"schema":{"@context":"https:\/\/schema.org","@graph":[{"@type":"WebPage","@id":"https:\/\/www.energiecrossmedial.de\/index.php\/interviews\/","url":"https:\/\/www.energiecrossmedial.de\/index.php\/interviews\/","name":"Interviews - ENERGIE.CROSS.MEDIAL","isPartOf":{"@id":"https:\/\/www.energiecrossmedial.de\/#website"},"datePublished":"2021-09-20T12:20:09+00:00","dateModified":"2021-09-20T12:20:09+00:00","breadcrumb":{"@id":"https:\/\/www.energiecrossmedial.de\/index.php\/interviews\/#breadcrumb"},"inLanguage":"de","potentialAction":[{"@type":"ReadAction","target":["https:\/\/www.energiecrossmedial.de\/index.php\/interviews\/"]}]},{"@type":"BreadcrumbList","@id":"https:\/\/www.energiecrossmedial.de\/index.php\/interviews\/#breadcrumb","itemListElement":[{"@type":"ListItem","position":1,"name":"Startseite","item":"https:\/\/www.energiecrossmedial.de\/"},{"@type":"ListItem","position":2,"name":"Interviews 2020"}]},{"@type":"WebSite","@id":"https:\/\/www.energiecrossmedial.de\/#website","url":"https:\/\/www.energiecrossmedial.de\/","name":"ENERGIE.CROSS.MEDIAL - das forum der energiewende","description":"das forum der energiewende","publisher":{"@id":"https:\/\/www.energiecrossmedial.de\/#organization"},"potentialAction":[{"@type":"SearchAction","target":{"@type":"EntryPoint","urlTemplate":"https:\/\/www.energiecrossmedial.de\/?s={search_term_string}"},"query-input":{"@type":"PropertyValueSpecification","valueRequired":true,"valueName":"search_term_string"}}],"inLanguage":"de"},{"@type":"Organization","@id":"https:\/\/www.energiecrossmedial.de\/#organization","name":"ENERGIE.CROSS.MEDIAL - das forum der energiewende","url":"https:\/\/www.energiecrossmedial.de\/","logo":{"@type":"ImageObject","inLanguage":"de","@id":"https:\/\/www.energiecrossmedial.de\/#\/schema\/logo\/image\/","url":"https:\/\/www.energiecrossmedial.de\/wp-content\/uploads\/2023\/09\/cropped-Website_Icon.png","contentUrl":"https:\/\/www.energiecrossmedial.de\/wp-content\/uploads\/2023\/09\/cropped-Website_Icon.png","width":512,"height":512,"caption":"ENERGIE.CROSS.MEDIAL - das forum der energiewende"},"image":{"@id":"https:\/\/www.energiecrossmedial.de\/#\/schema\/logo\/image\/"},"sameAs":["https:\/\/x.com\/EnergieXMedial","https:\/\/www.linkedin.com\/company\/zukunftsenergien\/"]}]}},"jetpack_sharing_enabled":true,"_links":{"self":[{"href":"https:\/\/www.energiecrossmedial.de\/index.php\/wp-json\/wp\/v2\/pages\/1672","targetHints":{"allow":["GET"]}}],"collection":[{"href":"https:\/\/www.energiecrossmedial.de\/index.php\/wp-json\/wp\/v2\/pages"}],"about":[{"href":"https:\/\/www.energiecrossmedial.de\/index.php\/wp-json\/wp\/v2\/types\/page"}],"author":[{"embeddable":true,"href":"https:\/\/www.energiecrossmedial.de\/index.php\/wp-json\/wp\/v2\/users\/1"}],"replies":[{"embeddable":true,"href":"https:\/\/www.energiecrossmedial.de\/index.php\/wp-json\/wp\/v2\/comments?post=1672"}],"version-history":[{"count":0,"href":"https:\/\/www.energiecrossmedial.de\/index.php\/wp-json\/wp\/v2\/pages\/1672\/revisions"}],"wp:attachment":[{"href":"https:\/\/www.energiecrossmedial.de\/index.php\/wp-json\/wp\/v2\/media?parent=1672"}],"curies":[{"name":"wp","href":"https:\/\/api.w.org\/{rel}","templated":true}]}}