{"id":1677,"date":"2021-09-20T12:20:10","date_gmt":"2021-09-20T12:20:10","guid":{"rendered":"http:\/\/localhost\/wordpress\/interview-mit-dr-lauber-vdma\/"},"modified":"2021-09-20T12:20:10","modified_gmt":"2021-09-20T12:20:10","slug":"interview-mit-dr-lauber-vdma","status":"publish","type":"page","link":"https:\/\/www.energiecrossmedial.de\/index.php\/interview-mit-dr-lauber-vdma\/","title":{"rendered":"Interview mit Dr. Lauber (MAN Energy Solutions SE)"},"content":{"rendered":"<div id=\"page_caption\" class=\"\">\n<div class=\"page_title_wrapper\">\n<div class=\"standard_wrapper\">\n<div class=\"page_title_inner\">\n<div class=\"page_title_content\">\n<h1>  <\/h1>\n<\/p><\/div>\n<\/p><\/div>\n<\/p><\/div>\n<\/p><\/div>\n<\/div>\n<p><!-- Begin content --><\/p>\n<div id=\"page_content_wrapper\" class=\"\">\n<div class=\"inner\">\n    \t<!-- Begin main content --><\/p>\n<div class=\"inner_wrapper\">\n<div class=\"sidebar_content\">\n<!-- Begin each blog post --><\/p>\n<div id=\"post-2633\" class=\"post-2633 post type-post status-publish format-standard hentry category-interviews\">\n<div class=\"post_wrapper\">\n<div class=\"post_content_wrapper\">\n<h1>Interview mit Dr. Lauber (MAN Energy Solutions SE)<\/h1>\n<div class=\"post_detail single_post\">\n\t\t\t\t<span class=\"post_info_date\"><br \/>\n\t\t\t\t\t5. M\u00e4rz 2020\t\t\t\t<\/span><br \/>\n\t\t\t\t<span class=\"post_info_comment\"><br \/>\n\t\t\t\t\t\u2022<br \/>\n\t\t\t\t\t0&nbsp;Kommentar\t\t\t\t<\/span>\n\t\t\t<\/div>\n<div class=\"pf-content\">\n<figure class=\"wp-block-image size-thumbnail\"><img loading=\"lazy\" decoding=\"async\" loading=\"lazy\" width=\"150\" height=\"150\" src=\"[get_bloginfo]url[\/get_bloginfo]\/files\/wp-content\/uploads\/2020\/03\/drlauber_cropped-150x150.jpg\" alt=\"\" class=\"wp-image-2647\"\/><\/figure>\n<p class=\"fqk44srj04fgyxc3g\"><strong><em>Dr.<br \/>\nAnnette Nietfeld im Gespr\u00e4ch mit Dr. Uwe Lauber<\/em><\/strong><\/p>\n<p class=\"fqk44srj04fgyxc3g\"><strong>Dr. Annette Nietfeld: <\/strong><em>Herr Dr. Lauber: Was erwarten Sie sich<br \/>\nbzw. der VDMA von dem neuen Veranstaltungsformat \u201eENERGIE.CROSS.MEDIAL\u201c?<\/em><\/p>\n<p class=\"fqk44srj04fgyxc3g\"><strong>Dr. Uwe Lauber: <\/strong><em>Mit ENERGIE.CROSS.MEDIAL wird der<br \/>\nVersuch unternommen, \u00fcber Branchengrenzen hinweg zu den Themen des<br \/>\nKlimaschutzes, der Versorgungssicherheit und neuen Gesch\u00e4ftsmodellen zu<br \/>\ndiskutieren. Es werden Vertreter der Politik, der Wissenschaft, verschiedener<br \/>\nIndustrien und Sektoren sowie der NGO\u00b4s dabei sein. Ich erwarte also im Rahmen<br \/>\ndieser Konferenz neue interessante Ans\u00e4tze zu den verschiedenen Themen und<br \/>\nzudem die Gelegenheit, die Erwartungen des Maschinen- und Anlagenbaus an<br \/>\nRegulierung und Politik erl\u00e4utern zu k\u00f6nnen.<\/em><\/p>\n<p class=\"fqk44srj04fgyxc3g\"><strong>Dr. Annette Nietfeld: <\/strong><em>Beim VDMA wurde eine neue Plattform<br \/>\n\u201ePower-to-X for Applications\u201c gegr\u00fcndet, Sie sind der Vorsitzende dieser<br \/>\nEinheit. Was hat den VDMA dazu bewogen?<\/em><\/p>\n<p class=\"fqk44srj04fgyxc3g\"><strong>Dr. Uwe Lauber: <\/strong><em>Mit der Gr\u00fcndung verfolgte der VDMA<br \/>\ndas Ziel, einerseits der gro\u00dfen Zahl interessierter bzw. betroffener<br \/>\nMitgliedsunternehmen eine Plattform f\u00fcr ein zentrales Zukunftsthema des<br \/>\nMaschinenbaus zu bieten. Andererseits ging es aber auch darum, eng mit anderen<br \/>\nBranchen und Verb\u00e4nden zusammenzuarbeiten, etwa der Automobil- und Mineral\u00f6lwirtschaft,<br \/>\ndie ebenso interessiert an dem Thema P2X sind. Seit der Gr\u00fcndung im Dezember<br \/>\n2018 mit rund 50 Mitgliedern sind wir bereits auf knapp 100 Firmen gewachsen,<br \/>\ndas zeigt den Erfolg der Initiative.<\/em><\/p>\n<p class=\"fqk44srj04fgyxc3g\"><strong>Dr. Annette Nietfeld: <\/strong><em>P2X \u2013 Technologien f\u00fcr den Export von<br \/>\nKlimaschutz, darin sieht der Maschinen- und Anlagenbau ein attraktives<br \/>\nGesch\u00e4ftsmodell. Was ist f\u00fcr den Erfolg des deutschen Anlagenbaus auf<br \/>\ninternationaler Ebene entscheidend?<\/em><\/p>\n<p class=\"fqk44srj04fgyxc3g\"><strong>Dr. Uwe Lauber: <\/strong><em>F\u00fcr den Erfolg des deutschen<br \/>\nAnlagenbaus ist die deutsche Technologief\u00fchrerschaft f\u00fcr P2X-Anlagen<br \/>\nentscheidend \u2013 dazu muss insbesondere ein starker Heimatmarkt etabliert werden.<br \/>\nNur dadurch wird es gelingen, sowohl das Potential der Technologie als auch die<br \/>\nQualit\u00e4t unserer Anlagen vorzuf\u00fchren und ausl\u00e4ndische Investoren zu ermuntern,<br \/>\nbei uns einzukaufen.<\/em><\/p>\n<p class=\"fqk44srj04fgyxc3g\"><strong>Dr. Annette Nietfeld: <\/strong><em>Sehen Sie bez\u00fcglich gr\u00fcner<br \/>\nTechnologien einen gro\u00dfen Wettbewerbsdruck f\u00fcr deutsche Unternehmen?<\/em><\/p>\n<p class=\"fqk44srj04fgyxc3g\"><strong>Dr. Uwe Lauber: <\/strong><em>Die M\u00f6glichkeiten der CO2-Reduktion,<br \/>\ndie mit dem vielf\u00e4ltigen Einsatz von Wasserstoff in den verschiedensten<br \/>\nBranchen verbunden sind, werden nat\u00fcrlich inzwischen weltweit gesehen und<br \/>\ngerade unsere europ\u00e4ischen Nachbarn sind auf diesem Gebiet auch sehr aktiv.<br \/>\nDeshalb kommt es darauf an, dass die z. Z. erarbeitete nationale<br \/>\nWasserstoffstrategie der Bundesregierung z\u00fcgig umgesetzt wird und ein Markt<br \/>\ngeschaffen wird, der eine industrielle Skalierung der Technologie und damit<br \/>\neine Lernkurve f\u00fcr die Technologieanbieter mit sich bringt. Sind wir zu langsam<br \/>\nwerden andere L\u00e4nder uns \u00fcberholen.<\/em><\/p>\n<p class=\"fqk44srj04fgyxc3g\"><strong>Dr. Annette Nietfeld: <\/strong><em>Wie kann ein starker Heimatmarkt<br \/>\nentstehen?<\/em><\/p>\n<p class=\"fqk44srj04fgyxc3g\"><strong>Dr. Uwe Lauber: <\/strong><em>Die Maschinen- und Anlagenbauer sehen<br \/>\ngro\u00dfe industriepolitische Chancen in der P2X-Technologie. Ein starker<br \/>\nHeimatmarkt tr\u00e4gt dazu bei, die Technologien weiter zu entwickeln, neue<br \/>\nWertsch\u00f6pfungsketten im Bereich Wasserstoff aufzubauen, sich so auch f\u00fcr den<br \/>\nExport fit zu machen und Arbeitspl\u00e4tze im Land zu erhalten bzw.<br \/>\naufzubauen.&nbsp; Damit sich ein Markt entwickeln<br \/>\nkann, ist ein Level-Playing Field in den regulatorischen Rahmenbedingungen<br \/>\nzentral. Sollte es in dieser Legislaturperiode nicht mehr gelingen die<br \/>\nregulatorischen Rahmenbedingungen zu \u00e4ndern, sollte schnell ein Markteinf\u00fchrungsprogramm<br \/>\ngeschaffen werden. Dies sollte beihilfekonform, zeitlich gegrenzt und degressiv<br \/>\nausgestaltet sein sowie Mitnahmeeffekte vermeiden und regelm\u00e4\u00dfig \u00fcberpr\u00fcft<br \/>\nwerden.<\/em><\/p>\n<p class=\"fqk44srj04fgyxc3g\"><strong>Dr. Annette Nietfeld: <\/strong><em>Vielen Dank f\u00fcr das Interview.<\/em><\/p>\n<\/div>\n<p><br class=\"clear\"\/>\n\t    <\/div>\n<\/p><\/div>\n<\/div>\n<p><!-- End each blog post -->\n    \t<\/div>\n<div class=\"sidebar_wrapper\">\n<div class=\"sidebar_top\"><\/div>\n<div class=\"sidebar\">\n<div class=\"content\">\n    \t\t\t\t<\/div>\n<\/p><\/div>\n<p>    \t\t\t<br class=\"clear\"\/><\/p>\n<div class=\"sidebar_bottom\"><\/div>\n<\/p><\/div>\n<\/p><\/div>\n<p>    <!-- End main content -->\n<\/div>\n<p><br class=\"clear\"\/><br class=\"fqk44srj04fgyxc3g\"\/>\n<\/div>\n","protected":false},"excerpt":{"rendered":"<p>Interview mit Dr. Lauber (MAN Energy Solutions SE) 5. M\u00e4rz 2020 \u2022 0&nbsp;Kommentar Dr. Annette Nietfeld im Gespr\u00e4ch mit Dr. Uwe Lauber Dr. Annette Nietfeld: Herr Dr. Lauber: Was erwarten Sie sich bzw. der VDMA von dem neuen Veranstaltungsformat \u201eENERGIE.CROSS.MEDIAL\u201c? [&hellip;]<\/p>\n","protected":false},"author":1,"featured_media":0,"parent":0,"menu_order":59,"comment_status":"closed","ping_status":"closed","template":"template_3.php","meta":{"_acf_changed":false,"footnotes":""},"class_list":["post-1677","page","type-page","status-publish","hentry"],"acf":[],"yoast_head":"<!-- This site is optimized with the Yoast SEO plugin v24.0 - https:\/\/yoast.com\/wordpress\/plugins\/seo\/ -->\n<title>Interview mit Dr. Lauber (MAN Energy Solutions SE) - ENERGIE.CROSS.MEDIAL<\/title>\n<meta name=\"robots\" content=\"index, follow, max-snippet:-1, max-image-preview:large, max-video-preview:-1\" \/>\n<link rel=\"canonical\" href=\"https:\/\/www.energiecrossmedial.de\/index.php\/interview-mit-dr-lauber-vdma\/\" \/>\n<meta property=\"og:locale\" content=\"de_DE\" \/>\n<meta property=\"og:type\" content=\"article\" \/>\n<meta property=\"og:title\" content=\"Interview mit Dr. Lauber (MAN Energy Solutions SE) - ENERGIE.CROSS.MEDIAL\" \/>\n<meta property=\"og:description\" content=\"Interview mit Dr. Lauber (MAN Energy Solutions SE) 5. M\u00e4rz 2020 \u2022 0&nbsp;Kommentar Dr. Annette Nietfeld im Gespr\u00e4ch mit Dr. Uwe Lauber Dr. Annette Nietfeld: Herr Dr. Lauber: Was erwarten Sie sich bzw. der VDMA von dem neuen Veranstaltungsformat \u201eENERGIE.CROSS.MEDIAL\u201c? [&hellip;]\" \/>\n<meta property=\"og:url\" content=\"https:\/\/www.energiecrossmedial.de\/index.php\/interview-mit-dr-lauber-vdma\/\" \/>\n<meta property=\"og:site_name\" content=\"ENERGIE.CROSS.MEDIAL\" \/>\n<meta name=\"twitter:card\" content=\"summary_large_image\" \/>\n<meta name=\"twitter:site\" content=\"@EnergieXMedial\" \/>\n<meta name=\"twitter:label1\" content=\"Gesch\u00e4tzte Lesezeit\" \/>\n\t<meta name=\"twitter:data1\" content=\"3\u00a0Minuten\" \/>\n<script type=\"application\/ld+json\" class=\"yoast-schema-graph\">{\"@context\":\"https:\/\/schema.org\",\"@graph\":[{\"@type\":\"WebPage\",\"@id\":\"https:\/\/www.energiecrossmedial.de\/index.php\/interview-mit-dr-lauber-vdma\/\",\"url\":\"https:\/\/www.energiecrossmedial.de\/index.php\/interview-mit-dr-lauber-vdma\/\",\"name\":\"Interview mit Dr. Lauber (MAN Energy Solutions SE) - ENERGIE.CROSS.MEDIAL\",\"isPartOf\":{\"@id\":\"https:\/\/www.energiecrossmedial.de\/#website\"},\"datePublished\":\"2021-09-20T12:20:10+00:00\",\"dateModified\":\"2021-09-20T12:20:10+00:00\",\"breadcrumb\":{\"@id\":\"https:\/\/www.energiecrossmedial.de\/index.php\/interview-mit-dr-lauber-vdma\/#breadcrumb\"},\"inLanguage\":\"de\",\"potentialAction\":[{\"@type\":\"ReadAction\",\"target\":[\"https:\/\/www.energiecrossmedial.de\/index.php\/interview-mit-dr-lauber-vdma\/\"]}]},{\"@type\":\"BreadcrumbList\",\"@id\":\"https:\/\/www.energiecrossmedial.de\/index.php\/interview-mit-dr-lauber-vdma\/#breadcrumb\",\"itemListElement\":[{\"@type\":\"ListItem\",\"position\":1,\"name\":\"Startseite\",\"item\":\"https:\/\/www.energiecrossmedial.de\/\"},{\"@type\":\"ListItem\",\"position\":2,\"name\":\"Interview mit Dr. Lauber (MAN Energy Solutions SE)\"}]},{\"@type\":\"WebSite\",\"@id\":\"https:\/\/www.energiecrossmedial.de\/#website\",\"url\":\"https:\/\/www.energiecrossmedial.de\/\",\"name\":\"ENERGIE.CROSS.MEDIAL - das forum der energiewende\",\"description\":\"das forum der energiewende\",\"publisher\":{\"@id\":\"https:\/\/www.energiecrossmedial.de\/#organization\"},\"potentialAction\":[{\"@type\":\"SearchAction\",\"target\":{\"@type\":\"EntryPoint\",\"urlTemplate\":\"https:\/\/www.energiecrossmedial.de\/?s={search_term_string}\"},\"query-input\":{\"@type\":\"PropertyValueSpecification\",\"valueRequired\":true,\"valueName\":\"search_term_string\"}}],\"inLanguage\":\"de\"},{\"@type\":\"Organization\",\"@id\":\"https:\/\/www.energiecrossmedial.de\/#organization\",\"name\":\"ENERGIE.CROSS.MEDIAL - das forum der energiewende\",\"url\":\"https:\/\/www.energiecrossmedial.de\/\",\"logo\":{\"@type\":\"ImageObject\",\"inLanguage\":\"de\",\"@id\":\"https:\/\/www.energiecrossmedial.de\/#\/schema\/logo\/image\/\",\"url\":\"https:\/\/www.energiecrossmedial.de\/wp-content\/uploads\/2023\/09\/cropped-Website_Icon.png\",\"contentUrl\":\"https:\/\/www.energiecrossmedial.de\/wp-content\/uploads\/2023\/09\/cropped-Website_Icon.png\",\"width\":512,\"height\":512,\"caption\":\"ENERGIE.CROSS.MEDIAL - das forum der energiewende\"},\"image\":{\"@id\":\"https:\/\/www.energiecrossmedial.de\/#\/schema\/logo\/image\/\"},\"sameAs\":[\"https:\/\/x.com\/EnergieXMedial\",\"https:\/\/www.linkedin.com\/company\/zukunftsenergien\/\"]}]}<\/script>\n<!-- \/ Yoast SEO plugin. -->","yoast_head_json":{"title":"Interview mit Dr. Lauber (MAN Energy Solutions SE) - ENERGIE.CROSS.MEDIAL","robots":{"index":"index","follow":"follow","max-snippet":"max-snippet:-1","max-image-preview":"max-image-preview:large","max-video-preview":"max-video-preview:-1"},"canonical":"https:\/\/www.energiecrossmedial.de\/index.php\/interview-mit-dr-lauber-vdma\/","og_locale":"de_DE","og_type":"article","og_title":"Interview mit Dr. Lauber (MAN Energy Solutions SE) - ENERGIE.CROSS.MEDIAL","og_description":"Interview mit Dr. Lauber (MAN Energy Solutions SE) 5. M\u00e4rz 2020 \u2022 0&nbsp;Kommentar Dr. Annette Nietfeld im Gespr\u00e4ch mit Dr. Uwe Lauber Dr. Annette Nietfeld: Herr Dr. Lauber: Was erwarten Sie sich bzw. der VDMA von dem neuen Veranstaltungsformat \u201eENERGIE.CROSS.MEDIAL\u201c? [&hellip;]","og_url":"https:\/\/www.energiecrossmedial.de\/index.php\/interview-mit-dr-lauber-vdma\/","og_site_name":"ENERGIE.CROSS.MEDIAL","twitter_card":"summary_large_image","twitter_site":"@EnergieXMedial","twitter_misc":{"Gesch\u00e4tzte Lesezeit":"3\u00a0Minuten"},"schema":{"@context":"https:\/\/schema.org","@graph":[{"@type":"WebPage","@id":"https:\/\/www.energiecrossmedial.de\/index.php\/interview-mit-dr-lauber-vdma\/","url":"https:\/\/www.energiecrossmedial.de\/index.php\/interview-mit-dr-lauber-vdma\/","name":"Interview mit Dr. Lauber (MAN Energy Solutions SE) - ENERGIE.CROSS.MEDIAL","isPartOf":{"@id":"https:\/\/www.energiecrossmedial.de\/#website"},"datePublished":"2021-09-20T12:20:10+00:00","dateModified":"2021-09-20T12:20:10+00:00","breadcrumb":{"@id":"https:\/\/www.energiecrossmedial.de\/index.php\/interview-mit-dr-lauber-vdma\/#breadcrumb"},"inLanguage":"de","potentialAction":[{"@type":"ReadAction","target":["https:\/\/www.energiecrossmedial.de\/index.php\/interview-mit-dr-lauber-vdma\/"]}]},{"@type":"BreadcrumbList","@id":"https:\/\/www.energiecrossmedial.de\/index.php\/interview-mit-dr-lauber-vdma\/#breadcrumb","itemListElement":[{"@type":"ListItem","position":1,"name":"Startseite","item":"https:\/\/www.energiecrossmedial.de\/"},{"@type":"ListItem","position":2,"name":"Interview mit Dr. Lauber (MAN Energy Solutions SE)"}]},{"@type":"WebSite","@id":"https:\/\/www.energiecrossmedial.de\/#website","url":"https:\/\/www.energiecrossmedial.de\/","name":"ENERGIE.CROSS.MEDIAL - das forum der energiewende","description":"das forum der energiewende","publisher":{"@id":"https:\/\/www.energiecrossmedial.de\/#organization"},"potentialAction":[{"@type":"SearchAction","target":{"@type":"EntryPoint","urlTemplate":"https:\/\/www.energiecrossmedial.de\/?s={search_term_string}"},"query-input":{"@type":"PropertyValueSpecification","valueRequired":true,"valueName":"search_term_string"}}],"inLanguage":"de"},{"@type":"Organization","@id":"https:\/\/www.energiecrossmedial.de\/#organization","name":"ENERGIE.CROSS.MEDIAL - das forum der energiewende","url":"https:\/\/www.energiecrossmedial.de\/","logo":{"@type":"ImageObject","inLanguage":"de","@id":"https:\/\/www.energiecrossmedial.de\/#\/schema\/logo\/image\/","url":"https:\/\/www.energiecrossmedial.de\/wp-content\/uploads\/2023\/09\/cropped-Website_Icon.png","contentUrl":"https:\/\/www.energiecrossmedial.de\/wp-content\/uploads\/2023\/09\/cropped-Website_Icon.png","width":512,"height":512,"caption":"ENERGIE.CROSS.MEDIAL - das forum der energiewende"},"image":{"@id":"https:\/\/www.energiecrossmedial.de\/#\/schema\/logo\/image\/"},"sameAs":["https:\/\/x.com\/EnergieXMedial","https:\/\/www.linkedin.com\/company\/zukunftsenergien\/"]}]}},"jetpack_sharing_enabled":true,"_links":{"self":[{"href":"https:\/\/www.energiecrossmedial.de\/index.php\/wp-json\/wp\/v2\/pages\/1677","targetHints":{"allow":["GET"]}}],"collection":[{"href":"https:\/\/www.energiecrossmedial.de\/index.php\/wp-json\/wp\/v2\/pages"}],"about":[{"href":"https:\/\/www.energiecrossmedial.de\/index.php\/wp-json\/wp\/v2\/types\/page"}],"author":[{"embeddable":true,"href":"https:\/\/www.energiecrossmedial.de\/index.php\/wp-json\/wp\/v2\/users\/1"}],"replies":[{"embeddable":true,"href":"https:\/\/www.energiecrossmedial.de\/index.php\/wp-json\/wp\/v2\/comments?post=1677"}],"version-history":[{"count":0,"href":"https:\/\/www.energiecrossmedial.de\/index.php\/wp-json\/wp\/v2\/pages\/1677\/revisions"}],"wp:attachment":[{"href":"https:\/\/www.energiecrossmedial.de\/index.php\/wp-json\/wp\/v2\/media?parent=1677"}],"curies":[{"name":"wp","href":"https:\/\/api.w.org\/{rel}","templated":true}]}}