{"id":1679,"date":"2021-09-20T12:20:10","date_gmt":"2021-09-20T12:20:10","guid":{"rendered":"http:\/\/localhost\/wordpress\/pressestimmen\/"},"modified":"2021-09-20T12:20:10","modified_gmt":"2021-09-20T12:20:10","slug":"pressestimmen","status":"publish","type":"page","link":"https:\/\/www.energiecrossmedial.de\/index.php\/pressestimmen\/","title":{"rendered":"Pressestimme: energate messenger"},"content":{"rendered":"<div id=\"page_caption\" class=\"\">\n<div class=\"page_title_wrapper\">\n<div class=\"standard_wrapper\">\n<div class=\"page_title_inner\">\n<div class=\"page_title_content\">\n<h1>The Blog<\/h1>\n<\/p><\/div>\n<\/p><\/div>\n<\/p><\/div>\n<\/p><\/div>\n<\/div>\n<p><!-- Begin content --><\/p>\n<div id=\"page_content_wrapper\" class=\"\">\n<div class=\"inner\">\n    \t<!-- Begin main content --><\/p>\n<div class=\"inner_wrapper\">\n<div class=\"sidebar_content\">\n<!-- Begin each blog post --><\/p>\n<div id=\"post-2805\" class=\"post-2805 post type-post status-publish format-standard has-post-thumbnail hentry category-allgemein category-presse\">\n<div class=\"post_wrapper\">\n<div class=\"post_content_wrapper\">\n<h1>Pressestimme: energate messenger<\/h1>\n<div class=\"post_detail single_post\">\n\t\t\t\t<span class=\"post_info_date\"><br \/>\n\t\t\t\t\t21. April 2020\t\t\t\t<\/span><br \/>\n\t\t\t\t<span class=\"post_info_comment\"><br \/>\n\t\t\t\t\t\u2022<br \/>\n\t\t\t\t\t0&nbsp;Comment\t\t\t\t<\/span>\n\t\t\t<\/div>\n<div class=\"pf-content\">\n<figure class=\"wp-block-image size-large\"><img loading=\"lazy\" decoding=\"async\" loading=\"lazy\" width=\"219\" height=\"66\" src=\"[get_bloginfo]url[\/get_bloginfo]\/files\/wp-content\/uploads\/2020\/04\/energate-1.jpg\" alt=\"\" class=\"wp-image-2809\"\/><\/figure>\n<p style=\"font-size:24px\">In: Politik| Am: 10.03.2020 &#8211; 14:40|  von Nabila Lalee<br class=\"fqk44srj04fgyxc3g\"><br \/>\nWasserstoffstrategie<br class=\"fqk44srj04fgyxc3g\"><br \/>\nKarliczek: Kein Umweg \u00fcber blauen Wasserstoff<\/p>\n<p class=\"fqk44srj04fgyxc3g\">Berlin (energate) &#8211; Bundesforschungsministerin Anja Karliczek (CDU) setzt beim Thema Wasserstoff klar auf eine Produktion aus erneuerbaren Energien. Dies machte sie bei einer Konferenz in Berlin deutlich. Die Ministerin will nun eine eigene Taskforce ins Leben rufen. &#8220;Unser Ziel muss gr\u00fcner Wasserstoff sein, sonst machen wir uns bei der Energiewende was vor&#8221;, betonte Karliczek bei der &#8220;Veranstaltung Energie Cross Medial&#8221; am 10. M\u00e4rz in Berlin.<br class=\"fqk44srj04fgyxc3g\"><br \/>\nIm Entwurf der Nationalen Wasserstoffstrategie ist gr\u00fcner Wasserstoff zwar als dauerhafte L\u00f6sung vorgesehen. F\u00fcr den Markthochlauf der Wasserstofftechnologien will die Bundesregierung jedoch &#8220;aus \u00f6konomischen Gr\u00fcnden&#8221; auch auf CO2-neutralen Wasserstoff setzen (energate berichtete <a href=\"https:\/\/www.energate-messenger.de\/news\/199912\/bundesregierung-will-mit-wasserstoff-dekarbonisieren\">https:\/\/www.energate-messenger.de\/news\/199912\/bundesregierung-will-mit-wasserstoff-dekarbonisieren<\/a>). Dazu z\u00e4hlt die Bundesregierung solchen, bei dessen Produktion CO2 abgespalten und gespeichert wird (&#8220;blau&#8221;), aber auch Varianten, die mit Pyrolyse \u00fcber Erdgas gewonnen werden (&#8220;t\u00fcrkis&#8221;). Die Wasserstoffstrategie wird voraussichtlich am 18. M\u00e4rz verabschiedet (energate berichtete ).<\/p>\n<div class=\"wp-block-file\"><a href=\"[get_bloginfo]url[\/get_bloginfo]\/files\/wp-content\/uploads\/2020\/04\/energate-messenger_03_2020.pdf\"> lesen Sie hier weiter: energate-messenger_03_2020<\/a><\/div>\n<\/div>\n<p><br class=\"clear\"\/>\n\t    <\/div>\n<\/p><\/div>\n<\/div>\n<p><!-- End each blog post -->\n    \t<\/div>\n<div class=\"sidebar_wrapper\">\n<div class=\"sidebar_top\"><\/div>\n<div class=\"sidebar\">\n<div class=\"content\">\n    \t\t\t\t<\/div>\n<\/p><\/div>\n<p>    \t\t\t<br class=\"clear\"\/><\/p>\n<div class=\"sidebar_bottom\"><\/div>\n<\/p><\/div>\n<\/p><\/div>\n<p>    <!-- End main content -->\n<\/div>\n<p><br class=\"clear\"\/><br class=\"fqk44srj04fgyxc3g\"\/>\n<\/div>\n","protected":false},"excerpt":{"rendered":"<p>The Blog Pressestimme: energate messenger 21. April 2020 \u2022 0&nbsp;Comment In: Politik| Am: 10.03.2020 &#8211; 14:40| von Nabila Lalee Wasserstoffstrategie Karliczek: Kein Umweg \u00fcber blauen Wasserstoff Berlin (energate) &#8211; Bundesforschungsministerin Anja Karliczek (CDU) setzt beim Thema Wasserstoff klar auf eine [&hellip;]<\/p>\n","protected":false},"author":1,"featured_media":0,"parent":0,"menu_order":57,"comment_status":"closed","ping_status":"closed","template":"template_3.php","meta":{"_acf_changed":false,"footnotes":""},"class_list":["post-1679","page","type-page","status-publish","hentry"],"acf":[],"yoast_head":"<!-- This site is optimized with the Yoast SEO plugin v24.0 - https:\/\/yoast.com\/wordpress\/plugins\/seo\/ -->\n<title>Pressestimme: energate messenger - ENERGIE.CROSS.MEDIAL<\/title>\n<meta name=\"robots\" content=\"index, follow, max-snippet:-1, max-image-preview:large, max-video-preview:-1\" \/>\n<link rel=\"canonical\" href=\"https:\/\/www.energiecrossmedial.de\/index.php\/pressestimmen\/\" \/>\n<meta property=\"og:locale\" content=\"de_DE\" \/>\n<meta property=\"og:type\" content=\"article\" \/>\n<meta property=\"og:title\" content=\"Pressestimme: energate messenger - ENERGIE.CROSS.MEDIAL\" \/>\n<meta property=\"og:description\" content=\"The Blog Pressestimme: energate messenger 21. April 2020 \u2022 0&nbsp;Comment In: Politik| Am: 10.03.2020 &#8211; 14:40| von Nabila Lalee Wasserstoffstrategie Karliczek: Kein Umweg \u00fcber blauen Wasserstoff Berlin (energate) &#8211; Bundesforschungsministerin Anja Karliczek (CDU) setzt beim Thema Wasserstoff klar auf eine [&hellip;]\" \/>\n<meta property=\"og:url\" content=\"https:\/\/www.energiecrossmedial.de\/index.php\/pressestimmen\/\" \/>\n<meta property=\"og:site_name\" content=\"ENERGIE.CROSS.MEDIAL\" \/>\n<meta name=\"twitter:card\" content=\"summary_large_image\" \/>\n<meta name=\"twitter:site\" content=\"@EnergieXMedial\" \/>\n<meta name=\"twitter:label1\" content=\"Gesch\u00e4tzte Lesezeit\" \/>\n\t<meta name=\"twitter:data1\" content=\"1\u00a0Minute\" \/>\n<script type=\"application\/ld+json\" class=\"yoast-schema-graph\">{\"@context\":\"https:\/\/schema.org\",\"@graph\":[{\"@type\":\"WebPage\",\"@id\":\"https:\/\/www.energiecrossmedial.de\/index.php\/pressestimmen\/\",\"url\":\"https:\/\/www.energiecrossmedial.de\/index.php\/pressestimmen\/\",\"name\":\"Pressestimme: energate messenger - ENERGIE.CROSS.MEDIAL\",\"isPartOf\":{\"@id\":\"https:\/\/www.energiecrossmedial.de\/#website\"},\"datePublished\":\"2021-09-20T12:20:10+00:00\",\"dateModified\":\"2021-09-20T12:20:10+00:00\",\"breadcrumb\":{\"@id\":\"https:\/\/www.energiecrossmedial.de\/index.php\/pressestimmen\/#breadcrumb\"},\"inLanguage\":\"de\",\"potentialAction\":[{\"@type\":\"ReadAction\",\"target\":[\"https:\/\/www.energiecrossmedial.de\/index.php\/pressestimmen\/\"]}]},{\"@type\":\"BreadcrumbList\",\"@id\":\"https:\/\/www.energiecrossmedial.de\/index.php\/pressestimmen\/#breadcrumb\",\"itemListElement\":[{\"@type\":\"ListItem\",\"position\":1,\"name\":\"Startseite\",\"item\":\"https:\/\/www.energiecrossmedial.de\/\"},{\"@type\":\"ListItem\",\"position\":2,\"name\":\"Pressestimme: energate messenger\"}]},{\"@type\":\"WebSite\",\"@id\":\"https:\/\/www.energiecrossmedial.de\/#website\",\"url\":\"https:\/\/www.energiecrossmedial.de\/\",\"name\":\"ENERGIE.CROSS.MEDIAL - das forum der energiewende\",\"description\":\"das forum der energiewende\",\"publisher\":{\"@id\":\"https:\/\/www.energiecrossmedial.de\/#organization\"},\"potentialAction\":[{\"@type\":\"SearchAction\",\"target\":{\"@type\":\"EntryPoint\",\"urlTemplate\":\"https:\/\/www.energiecrossmedial.de\/?s={search_term_string}\"},\"query-input\":{\"@type\":\"PropertyValueSpecification\",\"valueRequired\":true,\"valueName\":\"search_term_string\"}}],\"inLanguage\":\"de\"},{\"@type\":\"Organization\",\"@id\":\"https:\/\/www.energiecrossmedial.de\/#organization\",\"name\":\"ENERGIE.CROSS.MEDIAL - das forum der energiewende\",\"url\":\"https:\/\/www.energiecrossmedial.de\/\",\"logo\":{\"@type\":\"ImageObject\",\"inLanguage\":\"de\",\"@id\":\"https:\/\/www.energiecrossmedial.de\/#\/schema\/logo\/image\/\",\"url\":\"https:\/\/www.energiecrossmedial.de\/wp-content\/uploads\/2023\/09\/cropped-Website_Icon.png\",\"contentUrl\":\"https:\/\/www.energiecrossmedial.de\/wp-content\/uploads\/2023\/09\/cropped-Website_Icon.png\",\"width\":512,\"height\":512,\"caption\":\"ENERGIE.CROSS.MEDIAL - das forum der energiewende\"},\"image\":{\"@id\":\"https:\/\/www.energiecrossmedial.de\/#\/schema\/logo\/image\/\"},\"sameAs\":[\"https:\/\/x.com\/EnergieXMedial\",\"https:\/\/www.linkedin.com\/company\/zukunftsenergien\/\"]}]}<\/script>\n<!-- \/ Yoast SEO plugin. -->","yoast_head_json":{"title":"Pressestimme: energate messenger - ENERGIE.CROSS.MEDIAL","robots":{"index":"index","follow":"follow","max-snippet":"max-snippet:-1","max-image-preview":"max-image-preview:large","max-video-preview":"max-video-preview:-1"},"canonical":"https:\/\/www.energiecrossmedial.de\/index.php\/pressestimmen\/","og_locale":"de_DE","og_type":"article","og_title":"Pressestimme: energate messenger - ENERGIE.CROSS.MEDIAL","og_description":"The Blog Pressestimme: energate messenger 21. April 2020 \u2022 0&nbsp;Comment In: Politik| Am: 10.03.2020 &#8211; 14:40| von Nabila Lalee Wasserstoffstrategie Karliczek: Kein Umweg \u00fcber blauen Wasserstoff Berlin (energate) &#8211; Bundesforschungsministerin Anja Karliczek (CDU) setzt beim Thema Wasserstoff klar auf eine [&hellip;]","og_url":"https:\/\/www.energiecrossmedial.de\/index.php\/pressestimmen\/","og_site_name":"ENERGIE.CROSS.MEDIAL","twitter_card":"summary_large_image","twitter_site":"@EnergieXMedial","twitter_misc":{"Gesch\u00e4tzte Lesezeit":"1\u00a0Minute"},"schema":{"@context":"https:\/\/schema.org","@graph":[{"@type":"WebPage","@id":"https:\/\/www.energiecrossmedial.de\/index.php\/pressestimmen\/","url":"https:\/\/www.energiecrossmedial.de\/index.php\/pressestimmen\/","name":"Pressestimme: energate messenger - ENERGIE.CROSS.MEDIAL","isPartOf":{"@id":"https:\/\/www.energiecrossmedial.de\/#website"},"datePublished":"2021-09-20T12:20:10+00:00","dateModified":"2021-09-20T12:20:10+00:00","breadcrumb":{"@id":"https:\/\/www.energiecrossmedial.de\/index.php\/pressestimmen\/#breadcrumb"},"inLanguage":"de","potentialAction":[{"@type":"ReadAction","target":["https:\/\/www.energiecrossmedial.de\/index.php\/pressestimmen\/"]}]},{"@type":"BreadcrumbList","@id":"https:\/\/www.energiecrossmedial.de\/index.php\/pressestimmen\/#breadcrumb","itemListElement":[{"@type":"ListItem","position":1,"name":"Startseite","item":"https:\/\/www.energiecrossmedial.de\/"},{"@type":"ListItem","position":2,"name":"Pressestimme: energate messenger"}]},{"@type":"WebSite","@id":"https:\/\/www.energiecrossmedial.de\/#website","url":"https:\/\/www.energiecrossmedial.de\/","name":"ENERGIE.CROSS.MEDIAL - das forum der energiewende","description":"das forum der energiewende","publisher":{"@id":"https:\/\/www.energiecrossmedial.de\/#organization"},"potentialAction":[{"@type":"SearchAction","target":{"@type":"EntryPoint","urlTemplate":"https:\/\/www.energiecrossmedial.de\/?s={search_term_string}"},"query-input":{"@type":"PropertyValueSpecification","valueRequired":true,"valueName":"search_term_string"}}],"inLanguage":"de"},{"@type":"Organization","@id":"https:\/\/www.energiecrossmedial.de\/#organization","name":"ENERGIE.CROSS.MEDIAL - das forum der energiewende","url":"https:\/\/www.energiecrossmedial.de\/","logo":{"@type":"ImageObject","inLanguage":"de","@id":"https:\/\/www.energiecrossmedial.de\/#\/schema\/logo\/image\/","url":"https:\/\/www.energiecrossmedial.de\/wp-content\/uploads\/2023\/09\/cropped-Website_Icon.png","contentUrl":"https:\/\/www.energiecrossmedial.de\/wp-content\/uploads\/2023\/09\/cropped-Website_Icon.png","width":512,"height":512,"caption":"ENERGIE.CROSS.MEDIAL - das forum der energiewende"},"image":{"@id":"https:\/\/www.energiecrossmedial.de\/#\/schema\/logo\/image\/"},"sameAs":["https:\/\/x.com\/EnergieXMedial","https:\/\/www.linkedin.com\/company\/zukunftsenergien\/"]}]}},"jetpack_sharing_enabled":true,"_links":{"self":[{"href":"https:\/\/www.energiecrossmedial.de\/index.php\/wp-json\/wp\/v2\/pages\/1679","targetHints":{"allow":["GET"]}}],"collection":[{"href":"https:\/\/www.energiecrossmedial.de\/index.php\/wp-json\/wp\/v2\/pages"}],"about":[{"href":"https:\/\/www.energiecrossmedial.de\/index.php\/wp-json\/wp\/v2\/types\/page"}],"author":[{"embeddable":true,"href":"https:\/\/www.energiecrossmedial.de\/index.php\/wp-json\/wp\/v2\/users\/1"}],"replies":[{"embeddable":true,"href":"https:\/\/www.energiecrossmedial.de\/index.php\/wp-json\/wp\/v2\/comments?post=1679"}],"version-history":[{"count":0,"href":"https:\/\/www.energiecrossmedial.de\/index.php\/wp-json\/wp\/v2\/pages\/1679\/revisions"}],"wp:attachment":[{"href":"https:\/\/www.energiecrossmedial.de\/index.php\/wp-json\/wp\/v2\/media?parent=1679"}],"curies":[{"name":"wp","href":"https:\/\/api.w.org\/{rel}","templated":true}]}}