{"id":175,"date":"2019-10-16T08:48:56","date_gmt":"2019-10-16T06:48:56","guid":{"rendered":"http:\/\/www.energiecrossmedial.de\/index.php\/impressum\/"},"modified":"2019-12-05T16:13:48","modified_gmt":"2019-12-05T15:13:48","slug":"impressum","status":"publish","type":"page","link":"https:\/\/www.energiecrossmedial.de\/index.php\/impressum\/","title":{"rendered":"Impressum"},"content":{"rendered":"\n<h4 class=\"wp-block-heading\">Herausgeber:<\/h4>\n\n\n\n<p class=\"has-background has-very-light-gray-background-color\">EFO Energie Forum GmbH<br>Reinhardtstra\u00dfe 3<br>10117 Berlin<br><br>Telefon: 030 \/ 72 61 59 98 &#8211; 0<br>Telefax: 030 \/ 72 61 59 98 &#8211; 9<\/p>\n\n\n\n<h4 class=\"wp-block-heading\">Gesch\u00e4ftsf\u00fchrerin:<\/h4>\n\n\n\n<p class=\"has-background has-very-light-gray-background-color\">Dr. Annette Nietfeld<\/p>\n\n\n\n<h4 class=\"wp-block-heading\">Handelsregister<\/h4>\n\n\n\n<p class=\"has-background has-very-light-gray-background-color\">HRB 82029 B Amtsgericht Berlin (Charlottenburg)<\/p>\n\n\n\n<hr class=\"wp-block-separator\"\/>\n\n\n\n<h4 class=\"wp-block-heading\">BILDQUELLEN<\/h4>\n\n\n\n<p class=\"has-background has-very-light-gray-background-color\">Seite Willkommen<\/p>\n\n\n\n<ul class=\"wp-block-list\"><li> Lizenzfreies Stockfoto- Nummer: 551975725 <\/li><li>Herbert Mollien<\/li><\/ul>\n\n\n\n<p class=\"has-background has-very-light-gray-background-color\">Seite Anmeldung<\/p>\n\n\n\n<ul class=\"wp-block-list\"><li> Shutterstock Nummer 728173756<\/li><\/ul>\n\n\n\n<hr class=\"wp-block-separator\"\/>\n\n\n\n<h4 class=\"wp-block-heading\">HAFTUNGSHINWEIS<\/h4>\n\n\n\n<p>Trotz sorgf\u00e4ltiger inhaltlicher Kontrolle \u00fcbernehmen wir keine Haftung f\u00fcr Inhalte externer Links. F\u00fcr den Inhalt verlinkter Seiten sind ausschlie\u00dflich deren Betreiber verantwortlich.<br><\/p>\n","protected":false},"excerpt":{"rendered":"<p>Herausgeber: EFO Energie Forum GmbHReinhardtstra\u00dfe 310117 Berlin Telefon: 030 \/ 72 61 59 98 &#8211; 0Telefax: 030 \/ 72 61 59 98 &#8211; 9 Gesch\u00e4ftsf\u00fchrerin: Dr. Annette Nietfeld Handelsregister HRB 82029 B Amtsgericht Berlin (Charlottenburg) BILDQUELLEN Seite Willkommen Lizenzfreies Stockfoto- [&hellip;]<\/p>\n","protected":false},"author":1,"featured_media":0,"parent":0,"menu_order":84,"comment_status":"closed","ping_status":"closed","template":"","meta":{"_acf_changed":false,"footnotes":""},"class_list":["post-175","page","type-page","status-publish","hentry"],"acf":[],"yoast_head":"<!-- This site is optimized with the Yoast SEO plugin v24.0 - https:\/\/yoast.com\/wordpress\/plugins\/seo\/ -->\n<title>Impressum - ENERGIE.CROSS.MEDIAL<\/title>\n<meta name=\"robots\" content=\"index, follow, max-snippet:-1, max-image-preview:large, max-video-preview:-1\" \/>\n<link rel=\"canonical\" href=\"https:\/\/www.energiecrossmedial.de\/index.php\/impressum\/\" \/>\n<meta property=\"og:locale\" content=\"de_DE\" \/>\n<meta property=\"og:type\" content=\"article\" \/>\n<meta property=\"og:title\" content=\"Impressum - ENERGIE.CROSS.MEDIAL\" \/>\n<meta property=\"og:description\" content=\"Herausgeber: EFO Energie Forum GmbHReinhardtstra\u00dfe 310117 Berlin Telefon: 030 \/ 72 61 59 98 &#8211; 0Telefax: 030 \/ 72 61 59 98 &#8211; 9 Gesch\u00e4ftsf\u00fchrerin: Dr. Annette Nietfeld Handelsregister HRB 82029 B Amtsgericht Berlin (Charlottenburg) BILDQUELLEN Seite Willkommen Lizenzfreies Stockfoto- [&hellip;]\" \/>\n<meta property=\"og:url\" content=\"https:\/\/www.energiecrossmedial.de\/index.php\/impressum\/\" \/>\n<meta property=\"og:site_name\" content=\"ENERGIE.CROSS.MEDIAL\" \/>\n<meta property=\"article:modified_time\" content=\"2019-12-05T15:13:48+00:00\" \/>\n<meta name=\"twitter:card\" content=\"summary_large_image\" \/>\n<meta name=\"twitter:site\" content=\"@EnergieXMedial\" \/>\n<script type=\"application\/ld+json\" class=\"yoast-schema-graph\">{\"@context\":\"https:\/\/schema.org\",\"@graph\":[{\"@type\":\"WebPage\",\"@id\":\"https:\/\/www.energiecrossmedial.de\/index.php\/impressum\/\",\"url\":\"https:\/\/www.energiecrossmedial.de\/index.php\/impressum\/\",\"name\":\"Impressum - ENERGIE.CROSS.MEDIAL\",\"isPartOf\":{\"@id\":\"https:\/\/www.energiecrossmedial.de\/#website\"},\"datePublished\":\"2019-10-16T06:48:56+00:00\",\"dateModified\":\"2019-12-05T15:13:48+00:00\",\"breadcrumb\":{\"@id\":\"https:\/\/www.energiecrossmedial.de\/index.php\/impressum\/#breadcrumb\"},\"inLanguage\":\"de\",\"potentialAction\":[{\"@type\":\"ReadAction\",\"target\":[\"https:\/\/www.energiecrossmedial.de\/index.php\/impressum\/\"]}]},{\"@type\":\"BreadcrumbList\",\"@id\":\"https:\/\/www.energiecrossmedial.de\/index.php\/impressum\/#breadcrumb\",\"itemListElement\":[{\"@type\":\"ListItem\",\"position\":1,\"name\":\"Startseite\",\"item\":\"https:\/\/www.energiecrossmedial.de\/\"},{\"@type\":\"ListItem\",\"position\":2,\"name\":\"Impressum\"}]},{\"@type\":\"WebSite\",\"@id\":\"https:\/\/www.energiecrossmedial.de\/#website\",\"url\":\"https:\/\/www.energiecrossmedial.de\/\",\"name\":\"ENERGIE.CROSS.MEDIAL - das forum der energiewende\",\"description\":\"das forum der energiewende\",\"publisher\":{\"@id\":\"https:\/\/www.energiecrossmedial.de\/#organization\"},\"potentialAction\":[{\"@type\":\"SearchAction\",\"target\":{\"@type\":\"EntryPoint\",\"urlTemplate\":\"https:\/\/www.energiecrossmedial.de\/?s={search_term_string}\"},\"query-input\":{\"@type\":\"PropertyValueSpecification\",\"valueRequired\":true,\"valueName\":\"search_term_string\"}}],\"inLanguage\":\"de\"},{\"@type\":\"Organization\",\"@id\":\"https:\/\/www.energiecrossmedial.de\/#organization\",\"name\":\"ENERGIE.CROSS.MEDIAL - das forum der energiewende\",\"url\":\"https:\/\/www.energiecrossmedial.de\/\",\"logo\":{\"@type\":\"ImageObject\",\"inLanguage\":\"de\",\"@id\":\"https:\/\/www.energiecrossmedial.de\/#\/schema\/logo\/image\/\",\"url\":\"https:\/\/www.energiecrossmedial.de\/wp-content\/uploads\/2023\/09\/cropped-Website_Icon.png\",\"contentUrl\":\"https:\/\/www.energiecrossmedial.de\/wp-content\/uploads\/2023\/09\/cropped-Website_Icon.png\",\"width\":512,\"height\":512,\"caption\":\"ENERGIE.CROSS.MEDIAL - das forum der energiewende\"},\"image\":{\"@id\":\"https:\/\/www.energiecrossmedial.de\/#\/schema\/logo\/image\/\"},\"sameAs\":[\"https:\/\/x.com\/EnergieXMedial\",\"https:\/\/www.linkedin.com\/company\/zukunftsenergien\/\"]}]}<\/script>\n<!-- \/ Yoast SEO plugin. -->","yoast_head_json":{"title":"Impressum - ENERGIE.CROSS.MEDIAL","robots":{"index":"index","follow":"follow","max-snippet":"max-snippet:-1","max-image-preview":"max-image-preview:large","max-video-preview":"max-video-preview:-1"},"canonical":"https:\/\/www.energiecrossmedial.de\/index.php\/impressum\/","og_locale":"de_DE","og_type":"article","og_title":"Impressum - ENERGIE.CROSS.MEDIAL","og_description":"Herausgeber: EFO Energie Forum GmbHReinhardtstra\u00dfe 310117 Berlin Telefon: 030 \/ 72 61 59 98 &#8211; 0Telefax: 030 \/ 72 61 59 98 &#8211; 9 Gesch\u00e4ftsf\u00fchrerin: Dr. Annette Nietfeld Handelsregister HRB 82029 B Amtsgericht Berlin (Charlottenburg) BILDQUELLEN Seite Willkommen Lizenzfreies Stockfoto- [&hellip;]","og_url":"https:\/\/www.energiecrossmedial.de\/index.php\/impressum\/","og_site_name":"ENERGIE.CROSS.MEDIAL","article_modified_time":"2019-12-05T15:13:48+00:00","twitter_card":"summary_large_image","twitter_site":"@EnergieXMedial","schema":{"@context":"https:\/\/schema.org","@graph":[{"@type":"WebPage","@id":"https:\/\/www.energiecrossmedial.de\/index.php\/impressum\/","url":"https:\/\/www.energiecrossmedial.de\/index.php\/impressum\/","name":"Impressum - ENERGIE.CROSS.MEDIAL","isPartOf":{"@id":"https:\/\/www.energiecrossmedial.de\/#website"},"datePublished":"2019-10-16T06:48:56+00:00","dateModified":"2019-12-05T15:13:48+00:00","breadcrumb":{"@id":"https:\/\/www.energiecrossmedial.de\/index.php\/impressum\/#breadcrumb"},"inLanguage":"de","potentialAction":[{"@type":"ReadAction","target":["https:\/\/www.energiecrossmedial.de\/index.php\/impressum\/"]}]},{"@type":"BreadcrumbList","@id":"https:\/\/www.energiecrossmedial.de\/index.php\/impressum\/#breadcrumb","itemListElement":[{"@type":"ListItem","position":1,"name":"Startseite","item":"https:\/\/www.energiecrossmedial.de\/"},{"@type":"ListItem","position":2,"name":"Impressum"}]},{"@type":"WebSite","@id":"https:\/\/www.energiecrossmedial.de\/#website","url":"https:\/\/www.energiecrossmedial.de\/","name":"ENERGIE.CROSS.MEDIAL - das forum der energiewende","description":"das forum der energiewende","publisher":{"@id":"https:\/\/www.energiecrossmedial.de\/#organization"},"potentialAction":[{"@type":"SearchAction","target":{"@type":"EntryPoint","urlTemplate":"https:\/\/www.energiecrossmedial.de\/?s={search_term_string}"},"query-input":{"@type":"PropertyValueSpecification","valueRequired":true,"valueName":"search_term_string"}}],"inLanguage":"de"},{"@type":"Organization","@id":"https:\/\/www.energiecrossmedial.de\/#organization","name":"ENERGIE.CROSS.MEDIAL - das forum der energiewende","url":"https:\/\/www.energiecrossmedial.de\/","logo":{"@type":"ImageObject","inLanguage":"de","@id":"https:\/\/www.energiecrossmedial.de\/#\/schema\/logo\/image\/","url":"https:\/\/www.energiecrossmedial.de\/wp-content\/uploads\/2023\/09\/cropped-Website_Icon.png","contentUrl":"https:\/\/www.energiecrossmedial.de\/wp-content\/uploads\/2023\/09\/cropped-Website_Icon.png","width":512,"height":512,"caption":"ENERGIE.CROSS.MEDIAL - das forum der energiewende"},"image":{"@id":"https:\/\/www.energiecrossmedial.de\/#\/schema\/logo\/image\/"},"sameAs":["https:\/\/x.com\/EnergieXMedial","https:\/\/www.linkedin.com\/company\/zukunftsenergien\/"]}]}},"jetpack_sharing_enabled":true,"_links":{"self":[{"href":"https:\/\/www.energiecrossmedial.de\/index.php\/wp-json\/wp\/v2\/pages\/175","targetHints":{"allow":["GET"]}}],"collection":[{"href":"https:\/\/www.energiecrossmedial.de\/index.php\/wp-json\/wp\/v2\/pages"}],"about":[{"href":"https:\/\/www.energiecrossmedial.de\/index.php\/wp-json\/wp\/v2\/types\/page"}],"author":[{"embeddable":true,"href":"https:\/\/www.energiecrossmedial.de\/index.php\/wp-json\/wp\/v2\/users\/1"}],"replies":[{"embeddable":true,"href":"https:\/\/www.energiecrossmedial.de\/index.php\/wp-json\/wp\/v2\/comments?post=175"}],"version-history":[{"count":9,"href":"https:\/\/www.energiecrossmedial.de\/index.php\/wp-json\/wp\/v2\/pages\/175\/revisions"}],"predecessor-version":[{"id":1494,"href":"https:\/\/www.energiecrossmedial.de\/index.php\/wp-json\/wp\/v2\/pages\/175\/revisions\/1494"}],"wp:attachment":[{"href":"https:\/\/www.energiecrossmedial.de\/index.php\/wp-json\/wp\/v2\/media?parent=175"}],"curies":[{"name":"wp","href":"https:\/\/api.w.org\/{rel}","templated":true}]}}