{"id":40,"date":"2021-09-20T12:20:10","date_gmt":"2021-09-20T12:20:10","guid":{"rendered":"http:\/\/localhost\/wordpress\/ecm\/"},"modified":"2021-09-20T12:20:10","modified_gmt":"2021-09-20T12:20:10","slug":"ecm","status":"publish","type":"page","link":"https:\/\/www.energiecrossmedial.de\/index.php\/ecm\/","title":{"rendered":"Das Forum der Energiewende"},"content":{"rendered":"<div id=\"page_caption\" class=\"\">\n<div class=\"page_title_wrapper\">\n<div class=\"standard_wrapper\">\n<div class=\"page_title_inner\">\n<div class=\"page_title_content\">\n<h1>Der Blog<\/h1>\n<\/p><\/div>\n<\/p><\/div>\n<\/p><\/div>\n<\/p><\/div>\n<\/div>\n<p><!-- Begin content --><\/p>\n<div id=\"page_content_wrapper\" class=\"\">\n<div class=\"inner\">\n    \t<!-- Begin main content --><\/p>\n<div class=\"inner_wrapper\">\n<div class=\"sidebar_content\">\n<!-- Begin each blog post --><\/p>\n<div id=\"post-2795\" class=\"post-2795 post type-post status-publish format-standard has-post-thumbnail hentry category-allgemein\">\n<div class=\"post_wrapper\">\n<div class=\"post_content_wrapper\">\n<h1>Das Forum der Energiewende<\/h1>\n<div class=\"post_detail single_post\">\n\t\t\t\t<span class=\"post_info_date\"><br \/>\n\t\t\t\t\t1. Januar 2020\t\t\t\t<\/span><br \/>\n\t\t\t\t<span class=\"post_info_comment\"><br \/>\n\t\t\t\t\t\u2022<br \/>\n\t\t\t\t\t0&nbsp;Kommentar\t\t\t\t<\/span>\n\t\t\t<\/div>\n<div class=\"pf-content\">\n<h1>ENERGIE.CROSS.MEDIAL<\/h1>\n<p class=\"fqk44srj04fgyxc3g\">10. und 11. M\u00e4rz 2020 \u2013 dbb forum berlin<\/p>\n<h3>Wie kann die Konvergenz der Systeme gelingen?<\/h3>\n<h4>Die Diskussion dieser Frage steht im Mittelpunkt von ENERGIE.CROSS.MEDIAL \u2013 dem Forum der Energiewende.<\/h4>\n<p class=\"fqk44srj04fgyxc3g\">Nicht nur die Strom- bzw. Energiewirtschaft befindet sich seit Jahren in einem gravierenden Ver\u00e4nderungsprozess; auch die Grundstoffindustrie, der Mobilit\u00e4tssektor und die Quartiersentwicklung sind aufgefordert, zuk\u00fcnftig ihre CO2\u2013Emissionen drastisch zu senken. Folglich wird in allen Branchen dar\u00fcber nachgedacht, welche technologischen M\u00f6glichkeiten es daf\u00fcr gibt. Die Sektorenkopplung wird als ein Schl\u00fcsselbaustein angesehen. Sie soll erneuerbare Ressourcen direkt oder indirekt zugunsten der energieintensiven Industrien, der Mobilit\u00e4t und der W\u00e4rmeversorgung nutzbar machen. F\u00fcr das Zusammenspiel der Ressourcen braucht es umfassende Unterst\u00fctzung auf allen Ebenen: technologisch, \u00f6konomisch und regulatorisch. Ganzheitliche Konzepte m\u00fcssen erdacht und umgesetzt werden. Das schlie\u00dft ein den Aufbau nationaler und globaler Produktionsstrukturen f\u00fcr Schl\u00fcsseltechnologien wie Elektrolyseure, die Weiterentwicklung von Sektorenkopplungstechnologien sowie die Entwicklung neuer Mobilit\u00e4ts- und Quartierskonzepte.<\/p>\n<figure class=\"wp-block-image\"><img loading=\"lazy\" decoding=\"async\" loading=\"lazy\" width=\"1024\" height=\"786\" src=\"[get_bloginfo]url[\/get_bloginfo]\/files\/wp-content\/uploads\/2019\/11\/konverted-1024x786.png\" alt=\"\" class=\"wp-image-867\"\/><\/figure>\n<p class=\"fqk44srj04fgyxc3g\">Das Ziel von ENERGIE.CROSS.MEDIAL ist es, allen involvierten Branchen ein Angebot zur Diskussion \u00fcber die damit verbundenen Herausforderungen zu unterbreiten. Dabei sollen insbesondere die Schnittmengen zwischen diesen unterschiedlichen Branchen abgebildet und L\u00f6sungsans\u00e4tze aufgezeigt werden. Demzufolge werden als G\u00e4ste erwartet Vertreter der Technologieanbieter, der Stromwirtschaft, der Mobilit\u00e4tsanbieter, der energieintensiven Industrien, der Immobilienwirtschaft, der Digitalwirtschaft, der Finanzdienstleister, der Politik und der Wissenschaft.<br class=\"fqk44srj04fgyxc3g\"><\/p>\n<h4><br class=\"fqk44srj04fgyxc3g\">ENERGIE.CROSS.MEDIAL auf<br class=\"fqk44srj04fgyxc3g\"><a href=\"https:\/\/twitter.com\/EnergieXMedial\"><\/a><\/h4>\n<h4><br class=\"fqk44srj04fgyxc3g\">Partner<\/h4>\n<p class=\".entry-date {   display:none !important; }\">Covestro Deutschland AG<br class=\"fqk44srj04fgyxc3g\">DB Energie GmbH<br class=\"fqk44srj04fgyxc3g\">E.ON SE<br class=\"fqk44srj04fgyxc3g\">GE Deutschland<br class=\"fqk44srj04fgyxc3g\">IWO Institut f\u00fcr W\u00e4rme und Oeltechnik e. V. (IWO)<br class=\"fqk44srj04fgyxc3g\">Mineral\u00f6lwirtschaftsverband e.V. (MWV)<br class=\"fqk44srj04fgyxc3g\">NOW GmbH-Nationale Organisation Wasserstoff- und Brennstoffzellentechnologie<br class=\"fqk44srj04fgyxc3g\">Deutsche Shell Holding GmbH<br class=\"fqk44srj04fgyxc3g\">Siemens Aktiengesellschaft<br class=\"fqk44srj04fgyxc3g\">Spilett new technologies GmbH<br class=\"fqk44srj04fgyxc3g\">Toyota Mobility Foundation<br class=\"fqk44srj04fgyxc3g\">VDMA Verband Deutscher Maschinen- und Anlagenbau e.V.<br class=\"fqk44srj04fgyxc3g\"><\/p>\n<\/div>\n<p><br class=\"clear\"\/>\n\t    <\/div>\n<\/p><\/div>\n<\/div>\n<p><!-- End each blog post -->\n    \t<\/div>\n<div class=\"sidebar_wrapper\">\n<div class=\"sidebar_top\"><\/div>\n<div class=\"sidebar\">\n<div class=\"content\">\n    \t\t\t\t<\/div>\n<\/p><\/div>\n<p>    \t\t\t<br class=\"clear\"\/><\/p>\n<div class=\"sidebar_bottom\"><\/div>\n<\/p><\/div>\n<\/p><\/div>\n<p>    <!-- End main content -->\n<\/div>\n<p><br class=\"clear\"\/><br class=\"fqk44srj04fgyxc3g\"\/>\n<\/div>\n","protected":false},"excerpt":{"rendered":"<p>Der Blog Das Forum der Energiewende 1. Januar 2020 \u2022 0&nbsp;Kommentar ENERGIE.CROSS.MEDIAL 10. und 11. M\u00e4rz 2020 \u2013 dbb forum berlin Wie kann die Konvergenz der Systeme gelingen? Die Diskussion dieser Frage steht im Mittelpunkt von ENERGIE.CROSS.MEDIAL \u2013 dem Forum [&hellip;]<\/p>\n","protected":false},"author":1,"featured_media":0,"parent":0,"menu_order":52,"comment_status":"closed","ping_status":"closed","template":"template_3.php","meta":{"_acf_changed":false,"footnotes":""},"class_list":["post-40","page","type-page","status-publish","hentry"],"acf":[],"yoast_head":"<!-- This site is optimized with the Yoast SEO plugin v24.0 - https:\/\/yoast.com\/wordpress\/plugins\/seo\/ -->\n<title>Das Forum der Energiewende - ENERGIE.CROSS.MEDIAL<\/title>\n<meta name=\"robots\" content=\"index, follow, max-snippet:-1, max-image-preview:large, max-video-preview:-1\" \/>\n<link rel=\"canonical\" href=\"https:\/\/www.energiecrossmedial.de\/index.php\/ecm\/\" \/>\n<meta property=\"og:locale\" content=\"de_DE\" \/>\n<meta property=\"og:type\" content=\"article\" \/>\n<meta property=\"og:title\" content=\"Das Forum der Energiewende - ENERGIE.CROSS.MEDIAL\" \/>\n<meta property=\"og:description\" content=\"Der Blog Das Forum der Energiewende 1. Januar 2020 \u2022 0&nbsp;Kommentar ENERGIE.CROSS.MEDIAL 10. und 11. M\u00e4rz 2020 \u2013 dbb forum berlin Wie kann die Konvergenz der Systeme gelingen? Die Diskussion dieser Frage steht im Mittelpunkt von ENERGIE.CROSS.MEDIAL \u2013 dem Forum [&hellip;]\" \/>\n<meta property=\"og:url\" content=\"https:\/\/www.energiecrossmedial.de\/index.php\/ecm\/\" \/>\n<meta property=\"og:site_name\" content=\"ENERGIE.CROSS.MEDIAL\" \/>\n<meta name=\"twitter:card\" content=\"summary_large_image\" \/>\n<meta name=\"twitter:site\" content=\"@EnergieXMedial\" \/>\n<meta name=\"twitter:label1\" content=\"Gesch\u00e4tzte Lesezeit\" \/>\n\t<meta name=\"twitter:data1\" content=\"1\u00a0Minute\" \/>\n<script type=\"application\/ld+json\" class=\"yoast-schema-graph\">{\"@context\":\"https:\/\/schema.org\",\"@graph\":[{\"@type\":\"WebPage\",\"@id\":\"https:\/\/www.energiecrossmedial.de\/index.php\/ecm\/\",\"url\":\"https:\/\/www.energiecrossmedial.de\/index.php\/ecm\/\",\"name\":\"Das Forum der Energiewende - ENERGIE.CROSS.MEDIAL\",\"isPartOf\":{\"@id\":\"https:\/\/www.energiecrossmedial.de\/#website\"},\"datePublished\":\"2021-09-20T12:20:10+00:00\",\"dateModified\":\"2021-09-20T12:20:10+00:00\",\"breadcrumb\":{\"@id\":\"https:\/\/www.energiecrossmedial.de\/index.php\/ecm\/#breadcrumb\"},\"inLanguage\":\"de\",\"potentialAction\":[{\"@type\":\"ReadAction\",\"target\":[\"https:\/\/www.energiecrossmedial.de\/index.php\/ecm\/\"]}]},{\"@type\":\"BreadcrumbList\",\"@id\":\"https:\/\/www.energiecrossmedial.de\/index.php\/ecm\/#breadcrumb\",\"itemListElement\":[{\"@type\":\"ListItem\",\"position\":1,\"name\":\"Startseite\",\"item\":\"https:\/\/www.energiecrossmedial.de\/\"},{\"@type\":\"ListItem\",\"position\":2,\"name\":\"Das Forum der Energiewende\"}]},{\"@type\":\"WebSite\",\"@id\":\"https:\/\/www.energiecrossmedial.de\/#website\",\"url\":\"https:\/\/www.energiecrossmedial.de\/\",\"name\":\"ENERGIE.CROSS.MEDIAL - das forum der energiewende\",\"description\":\"das forum der energiewende\",\"publisher\":{\"@id\":\"https:\/\/www.energiecrossmedial.de\/#organization\"},\"potentialAction\":[{\"@type\":\"SearchAction\",\"target\":{\"@type\":\"EntryPoint\",\"urlTemplate\":\"https:\/\/www.energiecrossmedial.de\/?s={search_term_string}\"},\"query-input\":{\"@type\":\"PropertyValueSpecification\",\"valueRequired\":true,\"valueName\":\"search_term_string\"}}],\"inLanguage\":\"de\"},{\"@type\":\"Organization\",\"@id\":\"https:\/\/www.energiecrossmedial.de\/#organization\",\"name\":\"ENERGIE.CROSS.MEDIAL - das forum der energiewende\",\"url\":\"https:\/\/www.energiecrossmedial.de\/\",\"logo\":{\"@type\":\"ImageObject\",\"inLanguage\":\"de\",\"@id\":\"https:\/\/www.energiecrossmedial.de\/#\/schema\/logo\/image\/\",\"url\":\"https:\/\/www.energiecrossmedial.de\/wp-content\/uploads\/2023\/09\/cropped-Website_Icon.png\",\"contentUrl\":\"https:\/\/www.energiecrossmedial.de\/wp-content\/uploads\/2023\/09\/cropped-Website_Icon.png\",\"width\":512,\"height\":512,\"caption\":\"ENERGIE.CROSS.MEDIAL - das forum der energiewende\"},\"image\":{\"@id\":\"https:\/\/www.energiecrossmedial.de\/#\/schema\/logo\/image\/\"},\"sameAs\":[\"https:\/\/x.com\/EnergieXMedial\",\"https:\/\/www.linkedin.com\/company\/zukunftsenergien\/\"]}]}<\/script>\n<!-- \/ Yoast SEO plugin. -->","yoast_head_json":{"title":"Das Forum der Energiewende - ENERGIE.CROSS.MEDIAL","robots":{"index":"index","follow":"follow","max-snippet":"max-snippet:-1","max-image-preview":"max-image-preview:large","max-video-preview":"max-video-preview:-1"},"canonical":"https:\/\/www.energiecrossmedial.de\/index.php\/ecm\/","og_locale":"de_DE","og_type":"article","og_title":"Das Forum der Energiewende - ENERGIE.CROSS.MEDIAL","og_description":"Der Blog Das Forum der Energiewende 1. Januar 2020 \u2022 0&nbsp;Kommentar ENERGIE.CROSS.MEDIAL 10. und 11. M\u00e4rz 2020 \u2013 dbb forum berlin Wie kann die Konvergenz der Systeme gelingen? Die Diskussion dieser Frage steht im Mittelpunkt von ENERGIE.CROSS.MEDIAL \u2013 dem Forum [&hellip;]","og_url":"https:\/\/www.energiecrossmedial.de\/index.php\/ecm\/","og_site_name":"ENERGIE.CROSS.MEDIAL","twitter_card":"summary_large_image","twitter_site":"@EnergieXMedial","twitter_misc":{"Gesch\u00e4tzte Lesezeit":"1\u00a0Minute"},"schema":{"@context":"https:\/\/schema.org","@graph":[{"@type":"WebPage","@id":"https:\/\/www.energiecrossmedial.de\/index.php\/ecm\/","url":"https:\/\/www.energiecrossmedial.de\/index.php\/ecm\/","name":"Das Forum der Energiewende - ENERGIE.CROSS.MEDIAL","isPartOf":{"@id":"https:\/\/www.energiecrossmedial.de\/#website"},"datePublished":"2021-09-20T12:20:10+00:00","dateModified":"2021-09-20T12:20:10+00:00","breadcrumb":{"@id":"https:\/\/www.energiecrossmedial.de\/index.php\/ecm\/#breadcrumb"},"inLanguage":"de","potentialAction":[{"@type":"ReadAction","target":["https:\/\/www.energiecrossmedial.de\/index.php\/ecm\/"]}]},{"@type":"BreadcrumbList","@id":"https:\/\/www.energiecrossmedial.de\/index.php\/ecm\/#breadcrumb","itemListElement":[{"@type":"ListItem","position":1,"name":"Startseite","item":"https:\/\/www.energiecrossmedial.de\/"},{"@type":"ListItem","position":2,"name":"Das Forum der Energiewende"}]},{"@type":"WebSite","@id":"https:\/\/www.energiecrossmedial.de\/#website","url":"https:\/\/www.energiecrossmedial.de\/","name":"ENERGIE.CROSS.MEDIAL - das forum der energiewende","description":"das forum der energiewende","publisher":{"@id":"https:\/\/www.energiecrossmedial.de\/#organization"},"potentialAction":[{"@type":"SearchAction","target":{"@type":"EntryPoint","urlTemplate":"https:\/\/www.energiecrossmedial.de\/?s={search_term_string}"},"query-input":{"@type":"PropertyValueSpecification","valueRequired":true,"valueName":"search_term_string"}}],"inLanguage":"de"},{"@type":"Organization","@id":"https:\/\/www.energiecrossmedial.de\/#organization","name":"ENERGIE.CROSS.MEDIAL - das forum der energiewende","url":"https:\/\/www.energiecrossmedial.de\/","logo":{"@type":"ImageObject","inLanguage":"de","@id":"https:\/\/www.energiecrossmedial.de\/#\/schema\/logo\/image\/","url":"https:\/\/www.energiecrossmedial.de\/wp-content\/uploads\/2023\/09\/cropped-Website_Icon.png","contentUrl":"https:\/\/www.energiecrossmedial.de\/wp-content\/uploads\/2023\/09\/cropped-Website_Icon.png","width":512,"height":512,"caption":"ENERGIE.CROSS.MEDIAL - das forum der energiewende"},"image":{"@id":"https:\/\/www.energiecrossmedial.de\/#\/schema\/logo\/image\/"},"sameAs":["https:\/\/x.com\/EnergieXMedial","https:\/\/www.linkedin.com\/company\/zukunftsenergien\/"]}]}},"jetpack_sharing_enabled":true,"_links":{"self":[{"href":"https:\/\/www.energiecrossmedial.de\/index.php\/wp-json\/wp\/v2\/pages\/40","targetHints":{"allow":["GET"]}}],"collection":[{"href":"https:\/\/www.energiecrossmedial.de\/index.php\/wp-json\/wp\/v2\/pages"}],"about":[{"href":"https:\/\/www.energiecrossmedial.de\/index.php\/wp-json\/wp\/v2\/types\/page"}],"author":[{"embeddable":true,"href":"https:\/\/www.energiecrossmedial.de\/index.php\/wp-json\/wp\/v2\/users\/1"}],"replies":[{"embeddable":true,"href":"https:\/\/www.energiecrossmedial.de\/index.php\/wp-json\/wp\/v2\/comments?post=40"}],"version-history":[{"count":0,"href":"https:\/\/www.energiecrossmedial.de\/index.php\/wp-json\/wp\/v2\/pages\/40\/revisions"}],"wp:attachment":[{"href":"https:\/\/www.energiecrossmedial.de\/index.php\/wp-json\/wp\/v2\/media?parent=40"}],"curies":[{"name":"wp","href":"https:\/\/api.w.org\/{rel}","templated":true}]}}