{"id":742,"date":"2019-11-11T07:31:25","date_gmt":"2019-11-11T06:31:25","guid":{"rendered":"http:\/\/www.energiecrossmedial.de\/?page_id=742"},"modified":"2025-03-19T11:15:07","modified_gmt":"2025-03-19T10:15:07","slug":"teilnahmebedingungen","status":"publish","type":"page","link":"https:\/\/www.energiecrossmedial.de\/index.php\/teilnahmebedingungen\/","title":{"rendered":"Teilnahmebedingungen 2025"},"content":{"rendered":"\t\t<div data-elementor-type=\"wp-page\" data-elementor-id=\"742\" class=\"elementor elementor-742\" data-elementor-post-type=\"page\">\n\t\t\t\t\t\t<section class=\"elementor-section elementor-top-section elementor-element elementor-element-163b0e46 elementor-section-boxed elementor-section-height-default elementor-section-height-default\" data-id=\"163b0e46\" data-element_type=\"section\" data-settings=\"{&quot;grandconference_ext_is_background_parallax&quot;:&quot;false&quot;,&quot;grandconference_ext_is_background_backdrop&quot;:&quot;false&quot;,&quot;grandconference_ext_is_background_on_scroll&quot;:&quot;false&quot;}\">\n\t\t\t\t\t\t<div class=\"elementor-container elementor-column-gap-default\">\n\t\t\t\t\t<div class=\"elementor-column elementor-col-100 elementor-top-column elementor-element elementor-element-4f5ef786\" data-id=\"4f5ef786\" data-element_type=\"column\" data-settings=\"{&quot;grandconference_ext_link_sidemenu&quot;:&quot;false&quot;,&quot;grandconference_ext_link_fullmenu&quot;:&quot;false&quot;,&quot;grandconference_ext_link_closed_fullmenu&quot;:&quot;false&quot;,&quot;grandconference_ext_is_sticky&quot;:&quot;false&quot;,&quot;grandconference_ext_is_scrollme&quot;:&quot;false&quot;,&quot;grandconference_ext_is_smoove&quot;:&quot;false&quot;,&quot;grandconference_ext_is_parallax_mouse&quot;:&quot;false&quot;,&quot;grandconference_ext_is_infinite&quot;:&quot;false&quot;,&quot;grandconference_ext_is_fadeout_animation&quot;:&quot;false&quot;,&quot;grandconference_ext_mobile_static&quot;:&quot;false&quot;}\">\n\t\t\t<div class=\"elementor-widget-wrap elementor-element-populated\">\n\t\t\t\t\t\t<div class=\"elementor-element elementor-element-12ea290f elementor-widget__width-initial elementor-widget elementor-widget-text-editor\" data-id=\"12ea290f\" data-element_type=\"widget\" data-settings=\"{&quot;grandconference_ext_link_sidemenu&quot;:&quot;false&quot;,&quot;grandconference_ext_link_fullmenu&quot;:&quot;false&quot;,&quot;grandconference_ext_link_closed_fullmenu&quot;:&quot;false&quot;,&quot;grandconference_ext_is_sticky&quot;:&quot;false&quot;,&quot;grandconference_ext_is_scrollme&quot;:&quot;false&quot;,&quot;grandconference_ext_is_smoove&quot;:&quot;false&quot;,&quot;grandconference_ext_is_parallax_mouse&quot;:&quot;false&quot;,&quot;grandconference_ext_is_infinite&quot;:&quot;false&quot;,&quot;grandconference_ext_is_fadeout_animation&quot;:&quot;false&quot;,&quot;grandconference_ext_mobile_static&quot;:&quot;false&quot;}\" data-widget_type=\"text-editor.default\">\n\t\t\t\t<div class=\"elementor-widget-container\">\n\t\t\t\t\t\t\t<p style=\"mso-margin-top-alt: auto; mso-margin-bottom-alt: auto; line-height: normal; mso-outline-level: 1;\"><b><span style=\"font-size: 24.0pt; mso-fareast-font-family: 'Times New Roman'; mso-bidi-font-family: Calibri; mso-bidi-theme-font: minor-latin; mso-font-kerning: 18.0pt; mso-fareast-language: DE;\">Teilnahmebedingungen<\/span><\/b><\/p><p style=\"mso-margin-top-alt: auto; mso-margin-bottom-alt: auto; line-height: normal; mso-outline-level: 2;\"><span style=\"mso-bookmark: _Hlk82508882;\"><b><span style=\"font-size: 18.0pt; mso-fareast-font-family: 'Times New Roman'; mso-bidi-font-family: Calibri; mso-bidi-theme-font: minor-latin; mso-fareast-language: DE;\">ENERGIE.CROSS.MEDIAL <\/span><\/b><\/span><span style=\"mso-bookmark: _Hlk82508882;\"><b><span style=\"font-size: 18.0pt; mso-fareast-font-family: 'Times New Roman'; mso-bidi-font-family: Calibri; mso-bidi-theme-font: minor-latin; mso-fareast-language: DE;\">2025<\/span><\/b><\/span><\/p><ol><li><strong> Geltung<\/strong><\/li><\/ol><p>Diese Teilnahmebedingungen gelten f\u00fcr die Veranstaltung ENERGIE.CROSS.MEDIAL 2025. Veranstalter von ENERGIE.CROSS.MEDIAL 2025 ist die EFO Energie Forum GmbH.<\/p><ol start=\"2\"><li><strong> Anmeldung<\/strong><\/li><\/ol><p>F\u00fcr die Anmeldung zu ENERGIE.CROSS.MEDIAL nutzen Sie den Button \u201eANMELDUNG\u201c auf der Homepage www.energiecrossmedial.de. Sie werden weitergeleitet zum Formular von Microsoft Forms. Ein Vertrag \u00fcber die Teilnahme kommt mit der Best\u00e4tigung per E-Mail zustande. Die EFO Energie Forum GmbH kann eine Anmeldung ohne Angabe von Gr\u00fcnden zur\u00fcckweisen.<\/p><p>Medienvertreter melden sich bitte unter Vorlage ihres Presseausweises an. Eine Akkreditierung erfolgt ausschlie\u00dflich zum Zwecke journalistischer Berichterstattung.<\/p><p>Mit Ihrer Anmeldung erkl\u00e4ren Sie sich einverstanden, dass die im Zusammenhang mit dieser Veranstaltung gefertigten Bild- und Tonaufnahmen ggf. zu Zwecken der \u00d6ffentlichkeitsarbeit durch die EFO Energie Forum GmbH sowie das Forum f\u00fcr Zukunftsenergien auf deren Website, den Social-Media Profilen und in Publikationen (Print und Newsletter) ver\u00f6ffentlicht werden, sowie dass Ihr Name, die Institution, welcher Sie angeh\u00f6ren, und Ihre Position in der allen Teilnehmern verf\u00fcgbaren Teilnehmerliste genannt werden.<\/p><p>Mit der Anmeldung zur Teilnahme, verpflichten Sie sich zur Einhaltung des am Veranstaltungstag geltenden Hygienekonzeptes. Dieses kann aufgrund beh\u00f6rdlicher Vorgaben kurzfristig angepasst werden.<\/p><p>Die Teilnahme ist bis 21. M\u00e4rz 2025 anzumelden.<\/p><ol start=\"3\"><li><strong> Teilnahmegeb\u00fchr<\/strong><\/li><\/ol><p>Die Teilnahmegeb\u00fchr versteht sich pro Person und Veranstaltungstermin zzgl. gesetzlicher Umsatzsteuer.<\/p><table style=\"height: 122px;\" width=\"647\"><tbody><tr><td width=\"189\"><p>Allgemeine Teilnahmegeb\u00fchr<\/p><\/td><td width=\"76\"><p>795,00 \u20ac<\/p><\/td><td width=\"191\"><p>Fr\u00fchbucherpreis bei Anmeldung bis 1.12.2024<\/p><\/td><td width=\"85\"><p>636,00 \u20ac<\/p><\/td><\/tr><tr><td width=\"189\"><p>Mitgliederpreis f\u00fcr Mitglieder des Forum f\u00fcr Zukunftsenergien e.V.<\/p><\/td><td width=\"76\"><p>395,00 \u20ac<\/p><\/td><td width=\"191\"><p>Fr\u00fchbucherpreis f\u00fcr Mitglieder bei Anmeldung bis 1.12.2024<\/p><\/td><td width=\"85\"><p>316,00 \u20ac<\/p><\/td><\/tr><\/tbody><\/table><p>Die Teilnahmegeb\u00fchr wird mit Erhalt der Rechnung f\u00e4llig und ist binnen 14 Tagen zu zahlen. Die Zahlung erfolgt ausschlie\u00dflich auf Rechnung. Die Teilnahme an der Veranstaltung setzt den Eingang der Teilnahmegeb\u00fchr voraus.<\/p><ol start=\"4\"><li><strong> Leistungen<\/strong><\/li><\/ol><p>Die Teilnahmegeb\u00fchr umfasst die Teilnahme am gesamten Veranstaltungsprogramm. Getr\u00e4nke und Speisen w\u00e4hrend der Pausen sind enthalten.<\/p><p>Die EFO Energie Forum GmbH beh\u00e4lt sich das Recht vor, auch kurzfristig, den Veranstaltungsablauf gegen\u00fcber den Angaben im Programmheft oder im Internet zu \u00e4ndern, einzelne Vortr\u00e4ge einer Veranstaltung zu ersetzen oder entfallen zu lassen, sofern die Umst\u00e4nde dies notwendig machen.<\/p><ol start=\"5\"><li><strong> R\u00fccktritt<\/strong><\/li><\/ol><p>Der Teilnehmer kann ohne Angabe von Gr\u00fcnden kostenfrei bis 40 Tage vor Beginn der Veranstaltung vom Vertrag zur\u00fccktreten. Bei Stornierungen ab dem 39. Kalendertag vor der Veranstaltung sowie bei Fernbleiben und Abbruch wird die volle Teilnahmegeb\u00fchr berechnet.<\/p><p>Die Benennung einer Ersatzperson ist bis 5 Kalendertage vor der Veranstaltung m\u00f6glich. Hierf\u00fcr fallen keine gesonderten Geb\u00fchren an.<\/p><p>Der R\u00fccktritt bzw. die Benennung einer Ersatzperson muss in allen F\u00e4llen an die E-Mail-Adresse info@energiecrossmedial.de erfolgen.<\/p><ol start=\"6\"><li><strong> Absage durch die EFO Energie Forum GmbH<\/strong><\/li><\/ol><p>Die EFO Energie Forum GmbH hat das Recht, bei Vorliegen wichtiger Gr\u00fcnde die Veranstaltung vollst\u00e4ndig abzusagen. Die Teilnahmegeb\u00fchr wird in diesem Fall erstattet. Weitergehende Forderungen sind von einer Erstattung ausgeschlossen.<\/p><p>Wird die Teilnehmerzahl aufgrund beh\u00f6rdlicher Vorgaben limitiert, kann die Teilnahme abgesagt werden. Die Teilnahmegeb\u00fchr wird in diesem Fall erstattet. Weitergehende Forderungen sind von einer Erstattung ausgeschlossen.<\/p><ol start=\"7\"><li><strong> Nutzungsrechte<\/strong><\/li><\/ol><p>Es gilt das deutsche Urheberrecht. Die Vervielf\u00e4ltigung, Bearbeitung, Verbreitung und jede Art der Verwertung der Vortrags- und Veranstaltungsunterlagen bed\u00fcrfen der schriftlichen Zustimmung des jeweiligen Autors bzw. Erstellers.<\/p><p>Das Fotografieren, Filmen und Mitschneiden auf Speichermedien jeglicher Art ist nicht gestattet.<\/p><ol start=\"8\"><li><strong> Haftung<\/strong><\/li><\/ol><p>Die EFO Energie Forum GmbH haftet nur f\u00fcr Sch\u00e4den, die auf einer vors\u00e4tzlichen oder grob fahrl\u00e4ssigen Vertragsverletzung beruhen. Dies gilt nicht im Falle der \u00dcbernahme ausdr\u00fccklicher Garantien, f\u00fcr Sch\u00e4den aus der Verletzung des Lebens, des K\u00f6rpers oder der Gesundheit, f\u00fcr eine Haftung gem\u00e4\u00df dem Produkthaftungsgesetz sowie im Falle der Verletzung von Kardinalpflichten.<\/p><p>Im Falle der Verletzung von Kardinalpflichten haftet die EFO Energie Forum GmbH f\u00fcr jedes schuldhafte Verhalten ihrer gesetzlichen Vertreter oder Erf\u00fcllungsgehilfen. Kardinalpflichten sind wesentliche Vertragspflichten, deren Erf\u00fcllung die ordnungsgem\u00e4\u00dfe Durchf\u00fchrung des Vertrages \u00fcberhaupt erst erm\u00f6glicht und auf deren Einhaltung der Vertragspartner regelm\u00e4\u00dfig vertrauen darf. Bei einfach fahrl\u00e4ssiger Verletzung von Kardinalpflichten durch die gesetzlichen Vertreter oder Erf\u00fcllungsgehilfen ist deren Haftung auf den Betrag begrenzt, der vertragstypisch und f\u00fcr die betreffende zum Zeitpunkt des Vertragsschlusses vorhersehbar war.<\/p><ol start=\"9\"><li><strong> Datenschutz<\/strong><\/li><\/ol><p>Die Daten des Teilnehmers und\/oder des Vertragspartners beziehungsweise dessen Vertreters werden ausschlie\u00dflich zur Organisation und Durchf\u00fchrung der Veranstaltung durch die EFO Energie Forum GmbH elektronisch gespeichert und automatisiert verarbeitet. Die Verwendung umfasst auch die Weiterleitung der Daten an von der Erlaubnis umfasste Dritte (z.B. zur Vertragserf\u00fcllung). Eine Weitergabe der Daten an unberechtigte Dritte erfolgt nicht. Die \u00dcbersendung der Buchungsbest\u00e4tigung erfolgt per unverschl\u00fcsselter E-Mail. Dabei kann nicht ausgeschlossen werden, dass diese von Dritten gelesen wird.<\/p><p>Der Teilnehmer erkl\u00e4rt sich damit einverstanden, dass seine pers\u00f6nlichen Daten f\u00fcr die Veranstaltungsabwicklung und f\u00fcr sp\u00e4tere Teilnehmerinformationen gespeichert werden. Die Daten in Form von Name, Telekommunikationsdaten und die private bzw. Gesch\u00e4ftsadresse werden aus organisatorischen Gr\u00fcnden sowie zur Abrechnung und, sofern eine Einwilligung dazu vorliegt, zu Werbezwecken gespeichert. Falls der Teilnehmer der Verwendung der pers\u00f6nlichen Daten f\u00fcr Informationszwecke nach der Einwilligung widersprechen m\u00f6chte, so ist dies der EFO Energie Forum GmbH schriftlich<\/p><p>EFO Energie Forum GmbH<br \/>Reinhardtstra\u00dfe 3<br \/>10117 Berlin<\/p><p>oder per E-Mail: <a href=\"mailto:info@zukunftsenergien.de\">info@zukunftsenergien.de<\/a><\/p><p>mitzuteilen.<\/p><ol start=\"10\"><li><strong> Hinweise f\u00fcr Privatpersonen \/ Verbraucher = Widerrufsbelehrung <\/strong><\/li><\/ol><p>Als Verbraucher im Sinne des \u00a7 13 BGB (\u201eVerbraucher ist jede nat\u00fcrliche Person, die ein Rechtsgesch\u00e4ft zu Zwecken abschlie\u00dft, die \u00fcberwiegend weder ihrer gewerblichen noch ihrer selbst\u00e4ndigen beruflichen T\u00e4tigkeit zugerechnet werden k\u00f6nnen.\u201c) haben Sie das Recht, binnen 14 Tagen diesen Vertrag zu widerrufen (\u00a7 355 BGB). Der Widerruf ist zu richten an:<\/p><p>EFO Energie Forum GmbH<br \/>Reinhardtstra\u00dfe 3<br \/>10117 Berlin<\/p><p>oder per E-Mail: info@energiecrossmedial.de<\/p><p>Im Falle eines wirksamen Widerrufs sind die empfangenen Leistungen unverz\u00fcglich zur\u00fcckzugew\u00e4hren. Sofern die EFO Energie Forum GmbH vor Ende der Widerrufsfrist mit der Ausf\u00fchrung der Dienstleistung beginnt und Sie dem zugestimmt haben, sind Sie f\u00fcr die Zahlung von Wertersatz verpflichtet. Sofern der Vertrag von beiden Seiten auf Ihren ausdr\u00fccklichen Wunsch hin erf\u00fcllt ist, erlischt das Widerspruchsrecht vorzeitig.<\/p><ol start=\"11\"><li><strong> Schlussbestimmungen<\/strong><\/li><\/ol><p>Sollten einzelne Bestimmungen dieses Vertrages ganz oder teilweise unwirksam oder undurchf\u00fchrbar sein, so ber\u00fchrt dies die Wirksamkeit des Vertrages im \u00dcbrigen nicht. Die Vertragsparteien verpflichten sich f\u00fcr diesen Fall, die unwirksame oder undurchf\u00fchrbare Bestimmung durch eine wirksame oder durchf\u00fchrbare Regelung zu ersetzen, die dem wirtschaftlich gewollten Zweck im Rahmen des Gesamtvertrages am N\u00e4chsten kommt. Dies gilt f\u00fcr alle Vertragsl\u00fccken entsprechend.<\/p><p>M\u00fcndliche Nebenabreden zu diesem Vertrag bestehen nicht. Alle \u00c4nderungen und Erg\u00e4nzungen dieses Vertrages bed\u00fcrfen zu ihrer Wirksamkeit der Schriftform, dies gilt auch f\u00fcr das Abbedingen des Schriftformerfordernisses.<\/p><p><strong>Stand 14. Oktober 2024<\/strong><\/p><p><!-- \/wp:paragraph --><\/p>\t\t\t\t\t\t<\/div>\n\t\t\t\t<\/div>\n\t\t\t\t\t<\/div>\n\t\t<\/div>\n\t\t\t\t\t<\/div>\n\t\t<\/section>\n\t\t\t\t<\/div>\n\t\t","protected":false},"excerpt":{"rendered":"<p>Teilnahmebedingungen ENERGIE.CROSS.MEDIAL 2025 Geltung Diese Teilnahmebedingungen gelten f\u00fcr die Veranstaltung ENERGIE.CROSS.MEDIAL 2025. Veranstalter von ENERGIE.CROSS.MEDIAL 2025 ist die EFO Energie Forum GmbH. Anmeldung F\u00fcr die Anmeldung zu ENERGIE.CROSS.MEDIAL nutzen Sie den Button \u201eANMELDUNG\u201c auf der Homepage www.energiecrossmedial.de. Sie werden weitergeleitet [&hellip;]<\/p>\n","protected":false},"author":1,"featured_media":0,"parent":0,"menu_order":80,"comment_status":"closed","ping_status":"closed","template":"","meta":{"_acf_changed":false,"footnotes":""},"class_list":["post-742","page","type-page","status-publish","hentry"],"acf":[],"yoast_head":"<!-- This site is optimized with the Yoast SEO plugin v24.0 - https:\/\/yoast.com\/wordpress\/plugins\/seo\/ -->\n<title>Teilnahmebedingungen 2025 - ENERGIE.CROSS.MEDIAL<\/title>\n<meta name=\"robots\" content=\"index, follow, max-snippet:-1, max-image-preview:large, max-video-preview:-1\" \/>\n<link rel=\"canonical\" href=\"https:\/\/www.energiecrossmedial.de\/index.php\/teilnahmebedingungen\/\" \/>\n<meta property=\"og:locale\" content=\"de_DE\" \/>\n<meta property=\"og:type\" content=\"article\" \/>\n<meta property=\"og:title\" content=\"Teilnahmebedingungen 2025 - ENERGIE.CROSS.MEDIAL\" \/>\n<meta property=\"og:description\" content=\"Teilnahmebedingungen ENERGIE.CROSS.MEDIAL 2025 Geltung Diese Teilnahmebedingungen gelten f\u00fcr die Veranstaltung ENERGIE.CROSS.MEDIAL 2025. Veranstalter von ENERGIE.CROSS.MEDIAL 2025 ist die EFO Energie Forum GmbH. Anmeldung F\u00fcr die Anmeldung zu ENERGIE.CROSS.MEDIAL nutzen Sie den Button \u201eANMELDUNG\u201c auf der Homepage www.energiecrossmedial.de. Sie werden weitergeleitet [&hellip;]\" \/>\n<meta property=\"og:url\" content=\"https:\/\/www.energiecrossmedial.de\/index.php\/teilnahmebedingungen\/\" \/>\n<meta property=\"og:site_name\" content=\"ENERGIE.CROSS.MEDIAL\" \/>\n<meta property=\"article:modified_time\" content=\"2025-03-19T10:15:07+00:00\" \/>\n<meta name=\"twitter:card\" content=\"summary_large_image\" \/>\n<meta name=\"twitter:site\" content=\"@EnergieXMedial\" \/>\n<meta name=\"twitter:label1\" content=\"Gesch\u00e4tzte Lesezeit\" \/>\n\t<meta name=\"twitter:data1\" content=\"6\u00a0Minuten\" \/>\n<script type=\"application\/ld+json\" class=\"yoast-schema-graph\">{\"@context\":\"https:\/\/schema.org\",\"@graph\":[{\"@type\":\"WebPage\",\"@id\":\"https:\/\/www.energiecrossmedial.de\/index.php\/teilnahmebedingungen\/\",\"url\":\"https:\/\/www.energiecrossmedial.de\/index.php\/teilnahmebedingungen\/\",\"name\":\"Teilnahmebedingungen 2025 - ENERGIE.CROSS.MEDIAL\",\"isPartOf\":{\"@id\":\"https:\/\/www.energiecrossmedial.de\/#website\"},\"datePublished\":\"2019-11-11T06:31:25+00:00\",\"dateModified\":\"2025-03-19T10:15:07+00:00\",\"breadcrumb\":{\"@id\":\"https:\/\/www.energiecrossmedial.de\/index.php\/teilnahmebedingungen\/#breadcrumb\"},\"inLanguage\":\"de\",\"potentialAction\":[{\"@type\":\"ReadAction\",\"target\":[\"https:\/\/www.energiecrossmedial.de\/index.php\/teilnahmebedingungen\/\"]}]},{\"@type\":\"BreadcrumbList\",\"@id\":\"https:\/\/www.energiecrossmedial.de\/index.php\/teilnahmebedingungen\/#breadcrumb\",\"itemListElement\":[{\"@type\":\"ListItem\",\"position\":1,\"name\":\"Startseite\",\"item\":\"https:\/\/www.energiecrossmedial.de\/\"},{\"@type\":\"ListItem\",\"position\":2,\"name\":\"Teilnahmebedingungen 2025\"}]},{\"@type\":\"WebSite\",\"@id\":\"https:\/\/www.energiecrossmedial.de\/#website\",\"url\":\"https:\/\/www.energiecrossmedial.de\/\",\"name\":\"ENERGIE.CROSS.MEDIAL - das forum der energiewende\",\"description\":\"das forum der energiewende\",\"publisher\":{\"@id\":\"https:\/\/www.energiecrossmedial.de\/#organization\"},\"potentialAction\":[{\"@type\":\"SearchAction\",\"target\":{\"@type\":\"EntryPoint\",\"urlTemplate\":\"https:\/\/www.energiecrossmedial.de\/?s={search_term_string}\"},\"query-input\":{\"@type\":\"PropertyValueSpecification\",\"valueRequired\":true,\"valueName\":\"search_term_string\"}}],\"inLanguage\":\"de\"},{\"@type\":\"Organization\",\"@id\":\"https:\/\/www.energiecrossmedial.de\/#organization\",\"name\":\"ENERGIE.CROSS.MEDIAL - das forum der energiewende\",\"url\":\"https:\/\/www.energiecrossmedial.de\/\",\"logo\":{\"@type\":\"ImageObject\",\"inLanguage\":\"de\",\"@id\":\"https:\/\/www.energiecrossmedial.de\/#\/schema\/logo\/image\/\",\"url\":\"https:\/\/www.energiecrossmedial.de\/wp-content\/uploads\/2023\/09\/cropped-Website_Icon.png\",\"contentUrl\":\"https:\/\/www.energiecrossmedial.de\/wp-content\/uploads\/2023\/09\/cropped-Website_Icon.png\",\"width\":512,\"height\":512,\"caption\":\"ENERGIE.CROSS.MEDIAL - das forum der energiewende\"},\"image\":{\"@id\":\"https:\/\/www.energiecrossmedial.de\/#\/schema\/logo\/image\/\"},\"sameAs\":[\"https:\/\/x.com\/EnergieXMedial\",\"https:\/\/www.linkedin.com\/company\/zukunftsenergien\/\"]}]}<\/script>\n<!-- \/ Yoast SEO plugin. -->","yoast_head_json":{"title":"Teilnahmebedingungen 2025 - ENERGIE.CROSS.MEDIAL","robots":{"index":"index","follow":"follow","max-snippet":"max-snippet:-1","max-image-preview":"max-image-preview:large","max-video-preview":"max-video-preview:-1"},"canonical":"https:\/\/www.energiecrossmedial.de\/index.php\/teilnahmebedingungen\/","og_locale":"de_DE","og_type":"article","og_title":"Teilnahmebedingungen 2025 - ENERGIE.CROSS.MEDIAL","og_description":"Teilnahmebedingungen ENERGIE.CROSS.MEDIAL 2025 Geltung Diese Teilnahmebedingungen gelten f\u00fcr die Veranstaltung ENERGIE.CROSS.MEDIAL 2025. Veranstalter von ENERGIE.CROSS.MEDIAL 2025 ist die EFO Energie Forum GmbH. Anmeldung F\u00fcr die Anmeldung zu ENERGIE.CROSS.MEDIAL nutzen Sie den Button \u201eANMELDUNG\u201c auf der Homepage www.energiecrossmedial.de. Sie werden weitergeleitet [&hellip;]","og_url":"https:\/\/www.energiecrossmedial.de\/index.php\/teilnahmebedingungen\/","og_site_name":"ENERGIE.CROSS.MEDIAL","article_modified_time":"2025-03-19T10:15:07+00:00","twitter_card":"summary_large_image","twitter_site":"@EnergieXMedial","twitter_misc":{"Gesch\u00e4tzte Lesezeit":"6\u00a0Minuten"},"schema":{"@context":"https:\/\/schema.org","@graph":[{"@type":"WebPage","@id":"https:\/\/www.energiecrossmedial.de\/index.php\/teilnahmebedingungen\/","url":"https:\/\/www.energiecrossmedial.de\/index.php\/teilnahmebedingungen\/","name":"Teilnahmebedingungen 2025 - ENERGIE.CROSS.MEDIAL","isPartOf":{"@id":"https:\/\/www.energiecrossmedial.de\/#website"},"datePublished":"2019-11-11T06:31:25+00:00","dateModified":"2025-03-19T10:15:07+00:00","breadcrumb":{"@id":"https:\/\/www.energiecrossmedial.de\/index.php\/teilnahmebedingungen\/#breadcrumb"},"inLanguage":"de","potentialAction":[{"@type":"ReadAction","target":["https:\/\/www.energiecrossmedial.de\/index.php\/teilnahmebedingungen\/"]}]},{"@type":"BreadcrumbList","@id":"https:\/\/www.energiecrossmedial.de\/index.php\/teilnahmebedingungen\/#breadcrumb","itemListElement":[{"@type":"ListItem","position":1,"name":"Startseite","item":"https:\/\/www.energiecrossmedial.de\/"},{"@type":"ListItem","position":2,"name":"Teilnahmebedingungen 2025"}]},{"@type":"WebSite","@id":"https:\/\/www.energiecrossmedial.de\/#website","url":"https:\/\/www.energiecrossmedial.de\/","name":"ENERGIE.CROSS.MEDIAL - das forum der energiewende","description":"das forum der energiewende","publisher":{"@id":"https:\/\/www.energiecrossmedial.de\/#organization"},"potentialAction":[{"@type":"SearchAction","target":{"@type":"EntryPoint","urlTemplate":"https:\/\/www.energiecrossmedial.de\/?s={search_term_string}"},"query-input":{"@type":"PropertyValueSpecification","valueRequired":true,"valueName":"search_term_string"}}],"inLanguage":"de"},{"@type":"Organization","@id":"https:\/\/www.energiecrossmedial.de\/#organization","name":"ENERGIE.CROSS.MEDIAL - das forum der energiewende","url":"https:\/\/www.energiecrossmedial.de\/","logo":{"@type":"ImageObject","inLanguage":"de","@id":"https:\/\/www.energiecrossmedial.de\/#\/schema\/logo\/image\/","url":"https:\/\/www.energiecrossmedial.de\/wp-content\/uploads\/2023\/09\/cropped-Website_Icon.png","contentUrl":"https:\/\/www.energiecrossmedial.de\/wp-content\/uploads\/2023\/09\/cropped-Website_Icon.png","width":512,"height":512,"caption":"ENERGIE.CROSS.MEDIAL - das forum der energiewende"},"image":{"@id":"https:\/\/www.energiecrossmedial.de\/#\/schema\/logo\/image\/"},"sameAs":["https:\/\/x.com\/EnergieXMedial","https:\/\/www.linkedin.com\/company\/zukunftsenergien\/"]}]}},"jetpack_sharing_enabled":true,"_links":{"self":[{"href":"https:\/\/www.energiecrossmedial.de\/index.php\/wp-json\/wp\/v2\/pages\/742","targetHints":{"allow":["GET"]}}],"collection":[{"href":"https:\/\/www.energiecrossmedial.de\/index.php\/wp-json\/wp\/v2\/pages"}],"about":[{"href":"https:\/\/www.energiecrossmedial.de\/index.php\/wp-json\/wp\/v2\/types\/page"}],"author":[{"embeddable":true,"href":"https:\/\/www.energiecrossmedial.de\/index.php\/wp-json\/wp\/v2\/users\/1"}],"replies":[{"embeddable":true,"href":"https:\/\/www.energiecrossmedial.de\/index.php\/wp-json\/wp\/v2\/comments?post=742"}],"version-history":[{"count":106,"href":"https:\/\/www.energiecrossmedial.de\/index.php\/wp-json\/wp\/v2\/pages\/742\/revisions"}],"predecessor-version":[{"id":9262,"href":"https:\/\/www.energiecrossmedial.de\/index.php\/wp-json\/wp\/v2\/pages\/742\/revisions\/9262"}],"wp:attachment":[{"href":"https:\/\/www.energiecrossmedial.de\/index.php\/wp-json\/wp\/v2\/media?parent=742"}],"curies":[{"name":"wp","href":"https:\/\/api.w.org\/{rel}","templated":true}]}}